{"id":1151,"date":"2026-02-27T17:37:34","date_gmt":"2026-02-27T16:37:34","guid":{"rendered":"https:\/\/monsoin.ch\/ethik-charta\/"},"modified":"2026-03-17T18:17:22","modified_gmt":"2026-03-17T17:17:22","slug":"ethik-charta","status":"publish","type":"page","link":"https:\/\/monsoin.ch\/de\/ethik-charta\/","title":{"rendered":"Ethik-Charta"},"content":{"rendered":"\t\t<div data-elementor-type=\"wp-page\" data-elementor-id=\"1151\" class=\"elementor elementor-1151 elementor-256\" data-elementor-post-type=\"page\">\n\t\t\t\t<div class=\"elementor-element elementor-element-748667f e-flex e-con-boxed e-con e-parent\" data-id=\"748667f\" data-element_type=\"container\" data-e-type=\"container\">\n\t\t\t\t\t<div class=\"e-con-inner\">\n\t\t\t\t<div class=\"elementor-element elementor-element-0ebb660 elementor-align-center elementor-widget elementor-widget-breadcrumbs\" data-id=\"0ebb660\" data-element_type=\"widget\" data-e-type=\"widget\" data-widget_type=\"breadcrumbs.default\">\n\t\t\t\t\t<p id=\"breadcrumbs\"><span><span><a href=\"https:\/\/monsoin.ch\/de\/startseite-monsoin\/\">Startseite<\/a><\/span><\/span><\/p>\t\t\t\t<\/div>\n\t\t\t\t<div class=\"elementor-element elementor-element-2d274d3 elementor-widget elementor-widget-heading\" data-id=\"2d274d3\" data-element_type=\"widget\" data-e-type=\"widget\" data-widget_type=\"heading.default\">\n\t\t\t\t\t<h1 class=\"elementor-heading-title elementor-size-default\">Ethik-Charta<\/h1>\t\t\t\t<\/div>\n\t\t\t\t\t<\/div>\n\t\t\t\t<\/div>\n\t\t<div class=\"elementor-element elementor-element-8680238 e-flex e-con-boxed e-con e-parent\" data-id=\"8680238\" data-element_type=\"container\" data-e-type=\"container\">\n\t\t\t\t\t<div class=\"e-con-inner\">\n\t\t\t\t<div class=\"elementor-element elementor-element-61fb73d elementor-widget elementor-widget-text-editor\" data-id=\"61fb73d\" data-element_type=\"widget\" data-e-type=\"widget\" data-widget_type=\"text-editor.default\">\n\t\t\t\t\t\t\t\t\t<p>Unsere Verpflichtungen f\u00fcr eine ethische und respektvolle Praxis<\/p>\t\t\t\t\t\t\t\t<\/div>\n\t\t\t\t\t<\/div>\n\t\t\t\t<\/div>\n\t\t<div class=\"elementor-element elementor-element-e0216e8 e-flex e-con-boxed e-con e-parent\" data-id=\"e0216e8\" data-element_type=\"container\" data-e-type=\"container\">\n\t\t\t\t\t<div class=\"e-con-inner\">\n\t\t\t\t<div class=\"elementor-element elementor-element-dd733c1 elementor-widget elementor-widget-n-accordion\" data-id=\"dd733c1\" data-element_type=\"widget\" data-e-type=\"widget\" data-settings=\"{&quot;default_state&quot;:&quot;all_collapsed&quot;,&quot;max_items_expended&quot;:&quot;one&quot;,&quot;n_accordion_animation_duration&quot;:{&quot;unit&quot;:&quot;ms&quot;,&quot;size&quot;:400,&quot;sizes&quot;:[]}}\" data-widget_type=\"nested-accordion.default\">\n\t\t\t\t\t\t\t<div class=\"e-n-accordion\" aria-label=\"Accordion. Open links with Enter or Space, close with Escape, and navigate with Arrow Keys\">\n\t\t\t\t\t\t<details id=\"e-n-accordion-item-2320\" class=\"e-n-accordion-item\" >\n\t\t\t\t<summary class=\"e-n-accordion-item-title\" data-accordion-index=\"1\" tabindex=\"0\" aria-expanded=\"false\" aria-controls=\"e-n-accordion-item-2320\" >\n\t\t\t\t\t<span class='e-n-accordion-item-title-header'><div class=\"e-n-accordion-item-title-text\"> Vertrauen <\/div><\/span>\n\t\t\t\t\t\t\t<span class='e-n-accordion-item-title-icon'>\n\t\t\t<span class='e-opened' ><i aria-hidden=\"true\" class=\" icon_minus_alt2\"><\/i><\/span>\n\t\t\t<span class='e-closed'><i aria-hidden=\"true\" class=\" icon_plus_alt2\"><\/i><\/span>\n\t\t<\/span>\n\n\t\t\t\t\t\t<\/summary>\n\t\t\t\t<div role=\"region\" aria-labelledby=\"e-n-accordion-item-2320\" class=\"elementor-element elementor-element-0b09325 e-con-full e-flex e-con e-child\" data-id=\"0b09325\" data-element_type=\"container\" data-e-type=\"container\">\n\t\t\t\t<div class=\"elementor-element elementor-element-466e72c elementor-widget elementor-widget-text-editor\" data-id=\"466e72c\" data-element_type=\"widget\" data-e-type=\"widget\" data-widget_type=\"text-editor.default\">\n\t\t\t\t\t\t\t\t\t<p>Vertrauen steht im Mittelpunkt unserer Praxis. Wir verpflichten uns, die Vertraulichkeit und Privatsph\u00e4re jeder Person zu wahren, die unsere Dienste in Anspruch nimmt. Alle pers\u00f6nlichen Informationen, die im Rahmen der energetischen Behandlungen geteilt werden, sind streng gesch\u00fctzt und werden niemals ohne die ausdr\u00fcckliche Zustimmung der betroffenen Person weitergegeben. Wir setzen alles daran, einen sicheren Raum zu bieten, in dem sich jeder in Frieden f\u00fchlen und unbeschwert das eigene Innere erkunden kann.<\/p>\t\t\t\t\t\t\t\t<\/div>\n\t\t\t\t<\/div>\n\t\t\t\t\t<\/details>\n\t\t\t\t\t\t<details id=\"e-n-accordion-item-2321\" class=\"e-n-accordion-item\" >\n\t\t\t\t<summary class=\"e-n-accordion-item-title\" data-accordion-index=\"2\" tabindex=\"-1\" aria-expanded=\"false\" aria-controls=\"e-n-accordion-item-2321\" >\n\t\t\t\t\t<span class='e-n-accordion-item-title-header'><div class=\"e-n-accordion-item-title-text\"> Respekt vor dem freien Willen <\/div><\/span>\n\t\t\t\t\t\t\t<span class='e-n-accordion-item-title-icon'>\n\t\t\t<span class='e-opened' ><i aria-hidden=\"true\" class=\" icon_minus_alt2\"><\/i><\/span>\n\t\t\t<span class='e-closed'><i aria-hidden=\"true\" class=\" icon_plus_alt2\"><\/i><\/span>\n\t\t<\/span>\n\n\t\t\t\t\t\t<\/summary>\n\t\t\t\t<div role=\"region\" aria-labelledby=\"e-n-accordion-item-2321\" class=\"elementor-element elementor-element-e59f0eb e-con-full e-flex e-con e-child\" data-id=\"e59f0eb\" data-element_type=\"container\" data-e-type=\"container\">\n\t\t\t\t<div class=\"elementor-element elementor-element-a6bcc1e elementor-widget elementor-widget-text-editor\" data-id=\"a6bcc1e\" data-element_type=\"widget\" data-e-type=\"widget\" data-widget_type=\"text-editor.default\">\n\t\t\t\t\t\t\t\t\t<p>Bei Monsoin.ch erkennen wir an, dass jeder Einzelne der Herr \u00fcber seinen eigenen Lebensweg ist. Wir respektieren den freien Willen jeder Person vollumf\u00e4nglich und verpflichten uns, niemals eine Behandlung oder einen Schritt ohne informierte Zustimmung aufzudr\u00e4ngen. Jede angebotene Behandlung ist freiwillig, und es liegt in der Verantwortung des Empf\u00e4ngers oder der Empf\u00e4ngerin zu entscheiden, ob er oder sie diese in Anspruch nehmen m\u00f6chte. Wir f\u00f6rdern einen offenen und transparenten Dialog, damit jeder bewusste Entscheidungen treffen kann.<\/p>\t\t\t\t\t\t\t\t<\/div>\n\t\t\t\t<\/div>\n\t\t\t\t\t<\/details>\n\t\t\t\t\t\t<details id=\"e-n-accordion-item-2322\" class=\"e-n-accordion-item\" >\n\t\t\t\t<summary class=\"e-n-accordion-item-title\" data-accordion-index=\"3\" tabindex=\"-1\" aria-expanded=\"false\" aria-controls=\"e-n-accordion-item-2322\" >\n\t\t\t\t\t<span class='e-n-accordion-item-title-header'><div class=\"e-n-accordion-item-title-text\"> Wohlwollen <\/div><\/span>\n\t\t\t\t\t\t\t<span class='e-n-accordion-item-title-icon'>\n\t\t\t<span class='e-opened' ><i aria-hidden=\"true\" class=\" icon_minus_alt2\"><\/i><\/span>\n\t\t\t<span class='e-closed'><i aria-hidden=\"true\" class=\" icon_plus_alt2\"><\/i><\/span>\n\t\t<\/span>\n\n\t\t\t\t\t\t<\/summary>\n\t\t\t\t<div role=\"region\" aria-labelledby=\"e-n-accordion-item-2322\" class=\"elementor-element elementor-element-b891d2f e-con-full e-flex e-con e-child\" data-id=\"b891d2f\" data-element_type=\"container\" data-e-type=\"container\">\n\t\t\t\t<div class=\"elementor-element elementor-element-1cf37a3 elementor-widget elementor-widget-text-editor\" data-id=\"1cf37a3\" data-element_type=\"widget\" data-e-type=\"widget\" data-widget_type=\"text-editor.default\">\n\t\t\t\t\t\t\t\t\t<p>Unsere Praktiker und Praktikerinnen arbeiten mit einer wohlwollenden Haltung und der aufrichtigen Absicht, Menschen zu einem ganzheitlichen Wohlbefinden zu begleiten. Wir glauben an die F\u00e4higkeit jedes Einzelnen, sich zu entwickeln, zu heilen und zu wachsen, und wir verpflichten uns, in jeder Phase dieses Prozesses eine positive und respektvolle Unterst\u00fctzung zu bieten. Wohlwollen leitet jede unserer Interaktionen, und wir achten darauf, dass jede Praxis unter Wahrung der k\u00f6rperlichen, geistigen und emotionalen Integrit\u00e4t jedes Einzelnen erfolgt.<\/p>\t\t\t\t\t\t\t\t<\/div>\n\t\t\t\t<\/div>\n\t\t\t\t\t<\/details>\n\t\t\t\t\t\t<details id=\"e-n-accordion-item-2323\" class=\"e-n-accordion-item\" >\n\t\t\t\t<summary class=\"e-n-accordion-item-title\" data-accordion-index=\"4\" tabindex=\"-1\" aria-expanded=\"false\" aria-controls=\"e-n-accordion-item-2323\" >\n\t\t\t\t\t<span class='e-n-accordion-item-title-header'><div class=\"e-n-accordion-item-title-text\"> Menschlichkeit und Zuh\u00f6ren <\/div><\/span>\n\t\t\t\t\t\t\t<span class='e-n-accordion-item-title-icon'>\n\t\t\t<span class='e-opened' ><i aria-hidden=\"true\" class=\" icon_minus_alt2\"><\/i><\/span>\n\t\t\t<span class='e-closed'><i aria-hidden=\"true\" class=\" icon_plus_alt2\"><\/i><\/span>\n\t\t<\/span>\n\n\t\t\t\t\t\t<\/summary>\n\t\t\t\t<div role=\"region\" aria-labelledby=\"e-n-accordion-item-2323\" class=\"elementor-element elementor-element-5f7a34f e-con-full e-flex e-con e-child\" data-id=\"5f7a34f\" data-element_type=\"container\" data-e-type=\"container\">\n\t\t\t\t<div class=\"elementor-element elementor-element-6120330 elementor-widget elementor-widget-text-editor\" data-id=\"6120330\" data-element_type=\"widget\" data-e-type=\"widget\" data-widget_type=\"text-editor.default\">\n\t\t\t\t\t\t\t\t\t<p>Wir betrachten jede Person, die sich an Monsoin.ch wendet, als ein einzigartiges Wesen mit eigenen Erfahrungen, Bed\u00fcrfnissen und Bestrebungen. Wir verpflichten uns, aktiv und wertfrei zuzuh\u00f6ren, um die Erwartungen und Anliegen jedes Einzelnen vollumf\u00e4nglich zu verstehen. Wir bef\u00fcrworten einen menschlichen und empathischen Ansatz, bei dem jeder Mensch mit Mitgef\u00fchl und W\u00fcrde empfangen wird. Wir passen unsere Praktiken an, um den spezifischen Bed\u00fcrfnissen jeder Situation bestm\u00f6glich gerecht zu werden, und bleiben stets aufmerksam f\u00fcr das, was in jedem Moment f\u00f6rderlich ist.<\/p>\t\t\t\t\t\t\t\t<\/div>\n\t\t\t\t<\/div>\n\t\t\t\t\t<\/details>\n\t\t\t\t\t\t<details id=\"e-n-accordion-item-2324\" class=\"e-n-accordion-item\" >\n\t\t\t\t<summary class=\"e-n-accordion-item-title\" data-accordion-index=\"5\" tabindex=\"-1\" aria-expanded=\"false\" aria-controls=\"e-n-accordion-item-2324\" >\n\t\t\t\t\t<span class='e-n-accordion-item-title-header'><div class=\"e-n-accordion-item-title-text\"> Engagement f\u00fcr Qualit\u00e4t und Transparenz <\/div><\/span>\n\t\t\t\t\t\t\t<span class='e-n-accordion-item-title-icon'>\n\t\t\t<span class='e-opened' ><i aria-hidden=\"true\" class=\" icon_minus_alt2\"><\/i><\/span>\n\t\t\t<span class='e-closed'><i aria-hidden=\"true\" class=\" icon_plus_alt2\"><\/i><\/span>\n\t\t<\/span>\n\n\t\t\t\t\t\t<\/summary>\n\t\t\t\t<div role=\"region\" aria-labelledby=\"e-n-accordion-item-2324\" class=\"elementor-element elementor-element-386cc82 e-con-full e-flex e-con e-child\" data-id=\"386cc82\" data-element_type=\"container\" data-e-type=\"container\">\n\t\t\t\t<div class=\"elementor-element elementor-element-2e0eb00 elementor-widget elementor-widget-text-editor\" data-id=\"2e0eb00\" data-element_type=\"widget\" data-e-type=\"widget\" data-widget_type=\"text-editor.default\">\n\t\t\t\t\t\t\t\t\t<p>Wir verpflichten uns, qualitativ hochwertige Behandlungen anzubieten, die auf anerkannten und bew\u00e4hrten Praktiken im Bereich der Energetik basieren. Unsere Praktiker und Praktikerinnen sind ausgebildet und aktualisieren regelm\u00e4\u00dfig ihr Wissen, um sicherzustellen, dass die angebotenen Behandlungen stets angemessen und wirksam sind. Unser Feedback-Fragebogen erm\u00f6glicht eine konstruktive R\u00fcckmeldung f\u00fcr den Therapeuten oder die Therapeutin, die so ihre Praxis weiterentwickeln k\u00f6nnen. Wir legen Wert auf vollst\u00e4ndige Transparenz in Bezug auf unsere Methoden, Praktiken und Preise, damit jeder genau wei\u00df, was ihn erwartet, bevor er sich verpflichtet.<\/p>\t\t\t\t\t\t\t\t<\/div>\n\t\t\t\t<\/div>\n\t\t\t\t\t<\/details>\n\t\t\t\t\t\t<details id=\"e-n-accordion-item-2325\" class=\"e-n-accordion-item\" >\n\t\t\t\t<summary class=\"e-n-accordion-item-title\" data-accordion-index=\"6\" tabindex=\"-1\" aria-expanded=\"false\" aria-controls=\"e-n-accordion-item-2325\" >\n\t\t\t\t\t<span class='e-n-accordion-item-title-header'><div class=\"e-n-accordion-item-title-text\"> Verantwortung <\/div><\/span>\n\t\t\t\t\t\t\t<span class='e-n-accordion-item-title-icon'>\n\t\t\t<span class='e-opened' ><i aria-hidden=\"true\" class=\" icon_minus_alt2\"><\/i><\/span>\n\t\t\t<span class='e-closed'><i aria-hidden=\"true\" class=\" icon_plus_alt2\"><\/i><\/span>\n\t\t<\/span>\n\n\t\t\t\t\t\t<\/summary>\n\t\t\t\t<div role=\"region\" aria-labelledby=\"e-n-accordion-item-2325\" class=\"elementor-element elementor-element-e3bd954 e-con-full e-flex e-con e-child\" data-id=\"e3bd954\" data-element_type=\"container\" data-e-type=\"container\">\n\t\t\t\t<div class=\"elementor-element elementor-element-d9d21c9 elementor-widget elementor-widget-text-editor\" data-id=\"d9d21c9\" data-element_type=\"widget\" data-e-type=\"widget\" data-widget_type=\"text-editor.default\">\n\t\t\t\t\t\t\t\t\t<p>Die Praktiker und Praktikerinnen von Monsoin.ch \u00fcbernehmen eine ethische Verantwortung bei der Begleitung der Klienten. Wir verpflichten uns, niemals spezifische Ergebnisse zu versprechen oder medizinische Diagnosen zu stellen. Die von uns angebotenen energetischen Behandlungen sind erg\u00e4nzende Ans\u00e4tze und d\u00fcrfen niemals eine medizinische Beratung oder Behandlung ersetzen. Wir ermutigen jede Person, im Bedarfsfall einen medizinischen Fachmann oder eine medizinische Fachfrau zu konsultieren.<\/p>\t\t\t\t\t\t\t\t<\/div>\n\t\t\t\t<\/div>\n\t\t\t\t\t<\/details>\n\t\t\t\t\t<\/div>\n\t\t\t\t\t\t<\/div>\n\t\t\t\t\t<\/div>\n\t\t\t\t<\/div>\n\t\t<div class=\"elementor-element elementor-element-833bd93 e-flex e-con-boxed e-con e-parent\" data-id=\"833bd93\" data-element_type=\"container\" data-e-type=\"container\">\n\t\t\t\t\t<div class=\"e-con-inner\">\n\t\t\t\t<div class=\"elementor-element elementor-element-fcfb4dc elementor-widget elementor-widget-text-editor\" data-id=\"fcfb4dc\" data-element_type=\"widget\" data-e-type=\"widget\" data-widget_type=\"text-editor.default\">\n\t\t\t\t\t\t\t\t\t<p>Diese Charta ist eine Verpflichtung unsererseits, eine respektvolle, informierte und wohlwollende energetische Begleitung zu f\u00f6rdern. Wir glauben, dass diese Prinzipien wesentlich sind, um eine Vertrauensbeziehung zu unseren Klienten aufzubauen und sie auf ihrem pers\u00f6nlichen Weg zu unterst\u00fctzen. <br data-v-91923aeb=\"\"><br data-v-91923aeb=\"\">Ich w\u00fcnsche Ihnen von ganzem Herzen fruchtbare energetische Behandlungen.<\/p>\t\t\t\t\t\t\t\t<\/div>\n\t\t\t\t\t<\/div>\n\t\t\t\t<\/div>\n\t\t\t\t<\/div>\n\t\t","protected":false},"excerpt":{"rendered":"<p>Unsere Verpflichtungen f\u00fcr eine ethische und respektvolle Praxis Vertrauen Vertrauen steht im Mittelpunkt unserer Praxis. Wir verpflichten uns, die Vertraulichkeit und Privatsph\u00e4re jeder Person zu wahren, die unsere Dienste in Anspruch nimmt. Alle pers\u00f6nlichen Informationen, die im Rahmen der energetischen Behandlungen geteilt werden, sind streng gesch\u00fctzt und werden niemals ohne die ausdr\u00fcckliche Zustimmung der betroffenen [&hellip;]<\/p>\n","protected":false},"author":3,"featured_media":0,"parent":0,"menu_order":0,"comment_status":"closed","ping_status":"closed","template":"","meta":{"footnotes":""},"class_list":["post-1151","page","type-page","status-publish","hentry"],"yoast_head":"<!-- This site is optimized with the Yoast SEO plugin v27.3 - https:\/\/yoast.com\/product\/yoast-seo-wordpress\/ -->\n<title>Ethik-Charta - Monsoin<\/title>\n<meta name=\"robots\" content=\"index, follow, max-snippet:-1, max-image-preview:large, max-video-preview:-1\" \/>\n<link rel=\"canonical\" href=\"https:\/\/monsoin.ch\/de\/ethik-charta\/\" \/>\n<meta property=\"og:locale\" content=\"de_DE\" \/>\n<meta property=\"og:type\" content=\"article\" \/>\n<meta property=\"og:title\" content=\"Ethik-Charta - Monsoin\" \/>\n<meta property=\"og:description\" content=\"Unsere Verpflichtungen f\u00fcr eine ethische und respektvolle Praxis Vertrauen Vertrauen steht im Mittelpunkt unserer Praxis. Wir verpflichten uns, die Vertraulichkeit und Privatsph\u00e4re jeder Person zu wahren, die unsere Dienste in Anspruch nimmt. Alle pers\u00f6nlichen Informationen, die im Rahmen der energetischen Behandlungen geteilt werden, sind streng gesch\u00fctzt und werden niemals ohne die ausdr\u00fcckliche Zustimmung der betroffenen [&hellip;]\" \/>\n<meta property=\"og:url\" content=\"https:\/\/monsoin.ch\/de\/ethik-charta\/\" \/>\n<meta property=\"og:site_name\" content=\"Monsoin\" \/>\n<meta property=\"article:modified_time\" content=\"2026-03-17T17:17:22+00:00\" \/>\n<meta name=\"twitter:card\" content=\"summary_large_image\" \/>\n<meta name=\"twitter:label1\" content=\"Gesch\u00e4tzte Lesezeit\" \/>\n\t<meta name=\"twitter:data1\" content=\"5\u00a0Minute\" \/>\n<script type=\"application\/ld+json\" class=\"yoast-schema-graph\">{\"@context\":\"https:\\\/\\\/schema.org\",\"@graph\":[{\"@type\":\"WebPage\",\"@id\":\"https:\\\/\\\/monsoin.ch\\\/de\\\/ethik-charta\\\/\",\"url\":\"https:\\\/\\\/monsoin.ch\\\/de\\\/ethik-charta\\\/\",\"name\":\"Ethik-Charta - Monsoin\",\"isPartOf\":{\"@id\":\"https:\\\/\\\/monsoin.ch\\\/de\\\/#website\"},\"datePublished\":\"2026-02-27T16:37:34+00:00\",\"dateModified\":\"2026-03-17T17:17:22+00:00\",\"breadcrumb\":{\"@id\":\"https:\\\/\\\/monsoin.ch\\\/de\\\/ethik-charta\\\/#breadcrumb\"},\"inLanguage\":\"de\",\"potentialAction\":[{\"@type\":\"ReadAction\",\"target\":[\"https:\\\/\\\/monsoin.ch\\\/de\\\/ethik-charta\\\/\"]}]},{\"@type\":\"BreadcrumbList\",\"@id\":\"https:\\\/\\\/monsoin.ch\\\/de\\\/ethik-charta\\\/#breadcrumb\",\"itemListElement\":[{\"@type\":\"ListItem\",\"position\":1,\"name\":\"Startseite\",\"item\":\"https:\\\/\\\/monsoin.ch\\\/de\\\/startseite-monsoin\\\/\"},{\"@type\":\"ListItem\",\"position\":2,\"name\":\"Ethik-Charta\"}]},{\"@type\":\"WebSite\",\"@id\":\"https:\\\/\\\/monsoin.ch\\\/de\\\/#website\",\"url\":\"https:\\\/\\\/monsoin.ch\\\/de\\\/\",\"name\":\"Monsoin\",\"description\":\"Soins \u00e9nerg\u00e9tiques \u00e0 distance\",\"publisher\":{\"@id\":\"https:\\\/\\\/monsoin.ch\\\/de\\\/#organization\"},\"potentialAction\":[{\"@type\":\"SearchAction\",\"target\":{\"@type\":\"EntryPoint\",\"urlTemplate\":\"https:\\\/\\\/monsoin.ch\\\/de\\\/?s={search_term_string}\"},\"query-input\":{\"@type\":\"PropertyValueSpecification\",\"valueRequired\":true,\"valueName\":\"search_term_string\"}}],\"inLanguage\":\"de\"},{\"@type\":\"Organization\",\"@id\":\"https:\\\/\\\/monsoin.ch\\\/de\\\/#organization\",\"name\":\"Monsoin\",\"url\":\"https:\\\/\\\/monsoin.ch\\\/de\\\/\",\"logo\":{\"@type\":\"ImageObject\",\"inLanguage\":\"de\",\"@id\":\"https:\\\/\\\/monsoin.ch\\\/de\\\/#\\\/schema\\\/logo\\\/image\\\/\",\"url\":\"http:\\\/\\\/monsoin.ch\\\/wp-content\\\/uploads\\\/2026\\\/02\\\/MON_SOIN_LOGOS_Mon_Soin_L_Blanc_1__2_.svg\",\"contentUrl\":\"http:\\\/\\\/monsoin.ch\\\/wp-content\\\/uploads\\\/2026\\\/02\\\/MON_SOIN_LOGOS_Mon_Soin_L_Blanc_1__2_.svg\",\"width\":818,\"height\":232,\"caption\":\"Monsoin\"},\"image\":{\"@id\":\"https:\\\/\\\/monsoin.ch\\\/de\\\/#\\\/schema\\\/logo\\\/image\\\/\"}}]}<\/script>\n<!-- \/ Yoast SEO plugin. -->","yoast_head_json":{"title":"Ethik-Charta - Monsoin","robots":{"index":"index","follow":"follow","max-snippet":"max-snippet:-1","max-image-preview":"max-image-preview:large","max-video-preview":"max-video-preview:-1"},"canonical":"https:\/\/monsoin.ch\/de\/ethik-charta\/","og_locale":"de_DE","og_type":"article","og_title":"Ethik-Charta - Monsoin","og_description":"Unsere Verpflichtungen f\u00fcr eine ethische und respektvolle Praxis Vertrauen Vertrauen steht im Mittelpunkt unserer Praxis. Wir verpflichten uns, die Vertraulichkeit und Privatsph\u00e4re jeder Person zu wahren, die unsere Dienste in Anspruch nimmt. Alle pers\u00f6nlichen Informationen, die im Rahmen der energetischen Behandlungen geteilt werden, sind streng gesch\u00fctzt und werden niemals ohne die ausdr\u00fcckliche Zustimmung der betroffenen [&hellip;]","og_url":"https:\/\/monsoin.ch\/de\/ethik-charta\/","og_site_name":"Monsoin","article_modified_time":"2026-03-17T17:17:22+00:00","twitter_card":"summary_large_image","twitter_misc":{"Gesch\u00e4tzte Lesezeit":"5\u00a0Minute"},"schema":{"@context":"https:\/\/schema.org","@graph":[{"@type":"WebPage","@id":"https:\/\/monsoin.ch\/de\/ethik-charta\/","url":"https:\/\/monsoin.ch\/de\/ethik-charta\/","name":"Ethik-Charta - Monsoin","isPartOf":{"@id":"https:\/\/monsoin.ch\/de\/#website"},"datePublished":"2026-02-27T16:37:34+00:00","dateModified":"2026-03-17T17:17:22+00:00","breadcrumb":{"@id":"https:\/\/monsoin.ch\/de\/ethik-charta\/#breadcrumb"},"inLanguage":"de","potentialAction":[{"@type":"ReadAction","target":["https:\/\/monsoin.ch\/de\/ethik-charta\/"]}]},{"@type":"BreadcrumbList","@id":"https:\/\/monsoin.ch\/de\/ethik-charta\/#breadcrumb","itemListElement":[{"@type":"ListItem","position":1,"name":"Startseite","item":"https:\/\/monsoin.ch\/de\/startseite-monsoin\/"},{"@type":"ListItem","position":2,"name":"Ethik-Charta"}]},{"@type":"WebSite","@id":"https:\/\/monsoin.ch\/de\/#website","url":"https:\/\/monsoin.ch\/de\/","name":"Monsoin","description":"Soins \u00e9nerg\u00e9tiques \u00e0 distance","publisher":{"@id":"https:\/\/monsoin.ch\/de\/#organization"},"potentialAction":[{"@type":"SearchAction","target":{"@type":"EntryPoint","urlTemplate":"https:\/\/monsoin.ch\/de\/?s={search_term_string}"},"query-input":{"@type":"PropertyValueSpecification","valueRequired":true,"valueName":"search_term_string"}}],"inLanguage":"de"},{"@type":"Organization","@id":"https:\/\/monsoin.ch\/de\/#organization","name":"Monsoin","url":"https:\/\/monsoin.ch\/de\/","logo":{"@type":"ImageObject","inLanguage":"de","@id":"https:\/\/monsoin.ch\/de\/#\/schema\/logo\/image\/","url":"http:\/\/monsoin.ch\/wp-content\/uploads\/2026\/02\/MON_SOIN_LOGOS_Mon_Soin_L_Blanc_1__2_.svg","contentUrl":"http:\/\/monsoin.ch\/wp-content\/uploads\/2026\/02\/MON_SOIN_LOGOS_Mon_Soin_L_Blanc_1__2_.svg","width":818,"height":232,"caption":"Monsoin"},"image":{"@id":"https:\/\/monsoin.ch\/de\/#\/schema\/logo\/image\/"}}]}},"_links":{"self":[{"href":"https:\/\/monsoin.ch\/de\/wp-json\/wp\/v2\/pages\/1151","targetHints":{"allow":["GET"]}}],"collection":[{"href":"https:\/\/monsoin.ch\/de\/wp-json\/wp\/v2\/pages"}],"about":[{"href":"https:\/\/monsoin.ch\/de\/wp-json\/wp\/v2\/types\/page"}],"author":[{"embeddable":true,"href":"https:\/\/monsoin.ch\/de\/wp-json\/wp\/v2\/users\/3"}],"replies":[{"embeddable":true,"href":"https:\/\/monsoin.ch\/de\/wp-json\/wp\/v2\/comments?post=1151"}],"version-history":[{"count":1,"href":"https:\/\/monsoin.ch\/de\/wp-json\/wp\/v2\/pages\/1151\/revisions"}],"predecessor-version":[{"id":1154,"href":"https:\/\/monsoin.ch\/de\/wp-json\/wp\/v2\/pages\/1151\/revisions\/1154"}],"wp:attachment":[{"href":"https:\/\/monsoin.ch\/de\/wp-json\/wp\/v2\/media?parent=1151"}],"curies":[{"name":"wp","href":"https:\/\/api.w.org\/{rel}","templated":true}]}}