{"id":1165,"date":"2026-03-02T13:17:11","date_gmt":"2026-03-02T12:17:11","guid":{"rendered":"https:\/\/monsoin.ch\/unsere-geschichte\/"},"modified":"2026-03-17T18:17:35","modified_gmt":"2026-03-17T17:17:35","slug":"unsere-geschichte","status":"publish","type":"page","link":"https:\/\/monsoin.ch\/de\/unsere-geschichte\/","title":{"rendered":"Unsere Geschichte"},"content":{"rendered":"\t\t<div data-elementor-type=\"wp-page\" data-elementor-id=\"1165\" class=\"elementor elementor-1165 elementor-289\" data-elementor-post-type=\"page\">\n\t\t\t\t<div class=\"elementor-element elementor-element-748667f e-flex e-con-boxed e-con e-parent\" data-id=\"748667f\" data-element_type=\"container\" data-e-type=\"container\">\n\t\t\t\t\t<div class=\"e-con-inner\">\n\t\t\t\t<div class=\"elementor-element elementor-element-0ebb660 elementor-align-center elementor-widget elementor-widget-breadcrumbs\" data-id=\"0ebb660\" data-element_type=\"widget\" data-e-type=\"widget\" data-widget_type=\"breadcrumbs.default\">\n\t\t\t\t\t<p id=\"breadcrumbs\"><span><span><a href=\"https:\/\/monsoin.ch\/de\/startseite-monsoin\/\">Startseite<\/a><\/span><\/span><\/p>\t\t\t\t<\/div>\n\t\t\t\t<div class=\"elementor-element elementor-element-2d274d3 elementor-widget elementor-widget-heading\" data-id=\"2d274d3\" data-element_type=\"widget\" data-e-type=\"widget\" data-widget_type=\"heading.default\">\n\t\t\t\t\t<h1 class=\"elementor-heading-title elementor-size-default\">Unsere Geschichte<\/h1>\t\t\t\t<\/div>\n\t\t\t\t\t<\/div>\n\t\t\t\t<\/div>\n\t\t<div class=\"elementor-element elementor-element-5f35833 e-flex e-con-boxed e-con e-parent\" data-id=\"5f35833\" data-element_type=\"container\" data-e-type=\"container\">\n\t\t\t\t\t<div class=\"e-con-inner\">\n\t\t<div class=\"elementor-element elementor-element-010d5d8 e-con-full e-flex e-con e-child\" data-id=\"010d5d8\" data-element_type=\"container\" data-e-type=\"container\" data-settings=\"{&quot;background_background&quot;:&quot;classic&quot;}\">\n\t\t\t\t<div class=\"elementor-element elementor-element-61fb73d elementor-widget elementor-widget-text-editor\" data-id=\"61fb73d\" data-element_type=\"widget\" data-e-type=\"widget\" data-widget_type=\"text-editor.default\">\n\t\t\t\t\t\t\t\t\t<p>Nun werde ich gebeten, die Geschichte von Monsoin.ch zu schreiben, obwohl wir noch am Anfang des Abenteuers stehen. Ein seltsames Paradoxon, wenn sich der Weg jeden Tag ein bisschen mehr abzeichnet. <br data-v-91923aeb=\"\"><br data-v-91923aeb=\"\">Doch warum von einem Weg sprechen? Weil Monsoin.ch vor allem eine menschliche Geschichte ist, die gemeinsam geschrieben wird und eine umfassende spirituelle Dimension birgt. Es ist nicht nur eine Idee, die wir zu verwirklichen versuchen, sondern ein Abenteuer, das wir jeden Tag gemeinsam mit Ihnen allen gestalten. Das Team finden Sie am Ende dieses Textes, falls Sie einen Blick darauf werfen m\u00f6chten.   <br data-v-91923aeb=\"\"><br data-v-91923aeb=\"\">Und was ist dieses Projekt?<br data-v-91923aeb=\"\"><br data-v-91923aeb=\"\">Eines Tages sah ich eine Kollegin, halb Engl\u00e4nderin, halb S\u00fcdamerikanerin, wie sie einen Videoanruf mit einer uruguayischen Schamanin f\u00fchrte. Die Schamanin befand sich am anderen Ende der Welt, in Uruguay, w\u00e4hrend wir uns einfach in Freiburg, Schweiz, aufhielten. <br data-v-91923aeb=\"\"><br data-v-91923aeb=\"\">Ich dachte mir: \u201eDas ist unglaublich!\u201c Von zu Hause aus Zugang zu so einzigartigen und spezifischen Therapeuten zu haben\u2026 Normalerweise m\u00fcsste man reisen, sich informieren, sich auf den Weg zu ihnen machen. Und hier wird alles mit einem Klick m\u00f6glich. <br data-v-91923aeb=\"\"><br data-v-91923aeb=\"\">Genau das m\u00f6chten wir Ihnen mit Monsoin.ch bieten: die M\u00f6glichkeit, zertifizierte und weltweit anerkannte Therapeuten ganz einfach zu treffen.<br data-v-91923aeb=\"\"><br data-v-91923aeb=\"\">Welche \u00dcberzeugungen und Ansichten stecken hinter einem solchen Projekt?<br data-v-91923aeb=\"\"><br data-v-91923aeb=\"\">Es ist die \u00dcberzeugung, dass energetische Heilbehandlungen uns helfen k\u00f6nnen, uns selbst besser kennenzulernen, besser zu verstehen und so in all unseren Bereichen f\u00fcr uns selbst zu sorgen, von unserem physischen K\u00f6rper \u00fcber unseren Geist bis hin zu unserem Herzen und unserer Seele. Uns bewusst zu werden, wer wir sind, sowohl als Individuum, zutiefst wir selbst. Und gleichzeitig sind wir Teil eines Ganzen, wir alle zusammen sind dieses Ganze. Wenn wir unserem leidenden N\u00e4chsten keine Beachtung schenken, schenken wir auch uns selbst keine Beachtung. Wir sind alle miteinander verbunden, alle auf dieser Erde, alle zusammen, ob wir wollen oder nicht. Dieses Band, das uns verbindet und das wir oft vergessen, vernachl\u00e4ssigen wir, obwohl das Leid des anderen auch mein Leid ist, ebenso wie Freude, Liebe und Wahrheit.     <br data-v-91923aeb=\"\"><br data-v-91923aeb=\"\">Aus dieser \u00dcberzeugung entsteht die tiefe \u00dcberzeugung von Monsoin.ch. Der Wunsch, eine Gemeinschaft zu schaffen, die sich gegenseitig hilft und es jedem Einzelnen erm\u00f6glicht, sich in all seinen Dimensionen kennenzulernen. Zum Beispiel, was wir von unseren Eltern erben, aus unseren fr\u00fcheren Leben, unsere inneren K\u00e4mpfe, unsere feinstofflichen K\u00f6rper kennenzulernen und zu verstehen, wie all dies in unser Leben passt. Daf\u00fcr k\u00f6nnen die Therapeuten auf Monsoin.ch Ihnen Einblicke geben, damit jeder sein Logos, sein Selbstverst\u00e4ndnis, entwickeln kann.   <br data-v-91923aeb=\"\"><br data-v-91923aeb=\"\">Aber wozu dient es, sich selbst besser zu verstehen?<br data-v-91923aeb=\"\"><br data-v-91923aeb=\"\">Es erm\u00f6glicht uns, umfassender f\u00fcr uns selbst zu sorgen, Facetten von uns zu entdecken und diese zu akzeptieren. Genau das m\u00f6chte Monsoin.ch Ihnen helfen zu entdecken und zu entwickeln, um in der Gelassenheit des Selbst zu sein. <br data-v-91923aeb=\"\"><br data-v-91923aeb=\"\">Wir w\u00fcnschen Ihnen fruchtbare Behandlungen und Selbsterkenntnisse, die Ihnen im Alltag mehr Liebe und Freude bringen werden.<br data-v-91923aeb=\"\"><br data-v-91923aeb=\"\">Vielen Dank f\u00fcr Ihre Unterst\u00fctzung bei diesem wunderbaren Abenteuer, das wir alle gemeinsam gestalten.<\/p>\t\t\t\t\t\t\t\t<\/div>\n\t\t\t\t<div class=\"elementor-element elementor-element-5c43709 elementor-position-top elementor-widget elementor-widget-image-box\" data-id=\"5c43709\" data-element_type=\"widget\" data-e-type=\"widget\" data-widget_type=\"image-box.default\">\n\t\t\t\t\t<div class=\"elementor-image-box-wrapper\"><figure class=\"elementor-image-box-img\"><img fetchpriority=\"high\" decoding=\"async\" width=\"362\" height=\"217\" src=\"https:\/\/monsoin.ch\/wp-content\/uploads\/2026\/03\/Imagem1.png\" class=\"attachment-full size-full wp-image-1167\" alt=\"\" srcset=\"https:\/\/monsoin.ch\/wp-content\/uploads\/2026\/03\/Imagem1.png 362w, https:\/\/monsoin.ch\/wp-content\/uploads\/2026\/03\/Imagem1-300x180.png 300w\" sizes=\"(max-width: 362px) 100vw, 362px\" \/><\/figure><div class=\"elementor-image-box-content\"><div class=\"elementor-image-box-title\">Antoine Bongard<\/div><p class=\"elementor-image-box-description\">Gr\u00fcnder von Monsoin.ch<\/p><\/div><\/div>\t\t\t\t<\/div>\n\t\t\t\t<\/div>\n\t\t\t\t\t<\/div>\n\t\t\t\t<\/div>\n\t\t<div class=\"elementor-element elementor-element-8680238 e-flex e-con-boxed e-con e-parent\" data-id=\"8680238\" data-element_type=\"container\" data-e-type=\"container\">\n\t\t\t\t\t<div class=\"e-con-inner\">\n\t\t\t\t\t<\/div>\n\t\t\t\t<\/div>\n\t\t\t\t<\/div>\n\t\t","protected":false},"excerpt":{"rendered":"<p>Nun werde ich gebeten, die Geschichte von Monsoin.ch zu schreiben, obwohl wir noch am Anfang des Abenteuers stehen. Ein seltsames Paradoxon, wenn sich der Weg jeden Tag ein bisschen mehr abzeichnet. Doch warum von einem Weg sprechen? Weil Monsoin.ch vor allem eine menschliche Geschichte ist, die gemeinsam geschrieben wird und eine umfassende spirituelle Dimension birgt. [&hellip;]<\/p>\n","protected":false},"author":3,"featured_media":0,"parent":0,"menu_order":0,"comment_status":"closed","ping_status":"closed","template":"","meta":{"footnotes":""},"class_list":["post-1165","page","type-page","status-publish","hentry"],"yoast_head":"<!-- This site is optimized with the Yoast SEO plugin v27.3 - https:\/\/yoast.com\/product\/yoast-seo-wordpress\/ -->\n<title>Unsere Geschichte - Monsoin<\/title>\n<meta name=\"robots\" content=\"index, follow, max-snippet:-1, max-image-preview:large, max-video-preview:-1\" \/>\n<link rel=\"canonical\" href=\"https:\/\/monsoin.ch\/de\/unsere-geschichte\/\" \/>\n<meta property=\"og:locale\" content=\"de_DE\" \/>\n<meta property=\"og:type\" content=\"article\" \/>\n<meta property=\"og:title\" content=\"Unsere Geschichte - Monsoin\" \/>\n<meta property=\"og:description\" content=\"Nun werde ich gebeten, die Geschichte von Monsoin.ch zu schreiben, obwohl wir noch am Anfang des Abenteuers stehen. Ein seltsames Paradoxon, wenn sich der Weg jeden Tag ein bisschen mehr abzeichnet. Doch warum von einem Weg sprechen? Weil Monsoin.ch vor allem eine menschliche Geschichte ist, die gemeinsam geschrieben wird und eine umfassende spirituelle Dimension birgt. [&hellip;]\" \/>\n<meta property=\"og:url\" content=\"https:\/\/monsoin.ch\/de\/unsere-geschichte\/\" \/>\n<meta property=\"og:site_name\" content=\"Monsoin\" \/>\n<meta property=\"article:modified_time\" content=\"2026-03-17T17:17:35+00:00\" \/>\n<meta property=\"og:image\" content=\"https:\/\/monsoin.ch\/wp-content\/uploads\/2026\/03\/Imagem1.png\" \/>\n\t<meta property=\"og:image:width\" content=\"362\" \/>\n\t<meta property=\"og:image:height\" content=\"217\" \/>\n\t<meta property=\"og:image:type\" content=\"image\/png\" \/>\n<meta name=\"twitter:card\" content=\"summary_large_image\" \/>\n<meta name=\"twitter:label1\" content=\"Gesch\u00e4tzte Lesezeit\" \/>\n\t<meta name=\"twitter:data1\" content=\"3\u00a0Minute\" \/>\n<script type=\"application\/ld+json\" class=\"yoast-schema-graph\">{\"@context\":\"https:\\\/\\\/schema.org\",\"@graph\":[{\"@type\":\"WebPage\",\"@id\":\"https:\\\/\\\/monsoin.ch\\\/de\\\/unsere-geschichte\\\/\",\"url\":\"https:\\\/\\\/monsoin.ch\\\/de\\\/unsere-geschichte\\\/\",\"name\":\"Unsere Geschichte - Monsoin\",\"isPartOf\":{\"@id\":\"https:\\\/\\\/monsoin.ch\\\/de\\\/#website\"},\"primaryImageOfPage\":{\"@id\":\"https:\\\/\\\/monsoin.ch\\\/de\\\/unsere-geschichte\\\/#primaryimage\"},\"image\":{\"@id\":\"https:\\\/\\\/monsoin.ch\\\/de\\\/unsere-geschichte\\\/#primaryimage\"},\"thumbnailUrl\":\"https:\\\/\\\/monsoin.ch\\\/wp-content\\\/uploads\\\/2026\\\/03\\\/Imagem1.png\",\"datePublished\":\"2026-03-02T12:17:11+00:00\",\"dateModified\":\"2026-03-17T17:17:35+00:00\",\"breadcrumb\":{\"@id\":\"https:\\\/\\\/monsoin.ch\\\/de\\\/unsere-geschichte\\\/#breadcrumb\"},\"inLanguage\":\"de\",\"potentialAction\":[{\"@type\":\"ReadAction\",\"target\":[\"https:\\\/\\\/monsoin.ch\\\/de\\\/unsere-geschichte\\\/\"]}]},{\"@type\":\"ImageObject\",\"inLanguage\":\"de\",\"@id\":\"https:\\\/\\\/monsoin.ch\\\/de\\\/unsere-geschichte\\\/#primaryimage\",\"url\":\"https:\\\/\\\/monsoin.ch\\\/wp-content\\\/uploads\\\/2026\\\/03\\\/Imagem1.png\",\"contentUrl\":\"https:\\\/\\\/monsoin.ch\\\/wp-content\\\/uploads\\\/2026\\\/03\\\/Imagem1.png\"},{\"@type\":\"BreadcrumbList\",\"@id\":\"https:\\\/\\\/monsoin.ch\\\/de\\\/unsere-geschichte\\\/#breadcrumb\",\"itemListElement\":[{\"@type\":\"ListItem\",\"position\":1,\"name\":\"Startseite\",\"item\":\"https:\\\/\\\/monsoin.ch\\\/de\\\/startseite-monsoin\\\/\"},{\"@type\":\"ListItem\",\"position\":2,\"name\":\"Unsere Geschichte\"}]},{\"@type\":\"WebSite\",\"@id\":\"https:\\\/\\\/monsoin.ch\\\/de\\\/#website\",\"url\":\"https:\\\/\\\/monsoin.ch\\\/de\\\/\",\"name\":\"Monsoin\",\"description\":\"Soins \u00e9nerg\u00e9tiques \u00e0 distance\",\"publisher\":{\"@id\":\"https:\\\/\\\/monsoin.ch\\\/de\\\/#organization\"},\"potentialAction\":[{\"@type\":\"SearchAction\",\"target\":{\"@type\":\"EntryPoint\",\"urlTemplate\":\"https:\\\/\\\/monsoin.ch\\\/de\\\/?s={search_term_string}\"},\"query-input\":{\"@type\":\"PropertyValueSpecification\",\"valueRequired\":true,\"valueName\":\"search_term_string\"}}],\"inLanguage\":\"de\"},{\"@type\":\"Organization\",\"@id\":\"https:\\\/\\\/monsoin.ch\\\/de\\\/#organization\",\"name\":\"Monsoin\",\"url\":\"https:\\\/\\\/monsoin.ch\\\/de\\\/\",\"logo\":{\"@type\":\"ImageObject\",\"inLanguage\":\"de\",\"@id\":\"https:\\\/\\\/monsoin.ch\\\/de\\\/#\\\/schema\\\/logo\\\/image\\\/\",\"url\":\"http:\\\/\\\/monsoin.ch\\\/wp-content\\\/uploads\\\/2026\\\/02\\\/MON_SOIN_LOGOS_Mon_Soin_L_Blanc_1__2_.svg\",\"contentUrl\":\"http:\\\/\\\/monsoin.ch\\\/wp-content\\\/uploads\\\/2026\\\/02\\\/MON_SOIN_LOGOS_Mon_Soin_L_Blanc_1__2_.svg\",\"width\":818,\"height\":232,\"caption\":\"Monsoin\"},\"image\":{\"@id\":\"https:\\\/\\\/monsoin.ch\\\/de\\\/#\\\/schema\\\/logo\\\/image\\\/\"}}]}<\/script>\n<!-- \/ Yoast SEO plugin. -->","yoast_head_json":{"title":"Unsere Geschichte - Monsoin","robots":{"index":"index","follow":"follow","max-snippet":"max-snippet:-1","max-image-preview":"max-image-preview:large","max-video-preview":"max-video-preview:-1"},"canonical":"https:\/\/monsoin.ch\/de\/unsere-geschichte\/","og_locale":"de_DE","og_type":"article","og_title":"Unsere Geschichte - Monsoin","og_description":"Nun werde ich gebeten, die Geschichte von Monsoin.ch zu schreiben, obwohl wir noch am Anfang des Abenteuers stehen. Ein seltsames Paradoxon, wenn sich der Weg jeden Tag ein bisschen mehr abzeichnet. Doch warum von einem Weg sprechen? Weil Monsoin.ch vor allem eine menschliche Geschichte ist, die gemeinsam geschrieben wird und eine umfassende spirituelle Dimension birgt. [&hellip;]","og_url":"https:\/\/monsoin.ch\/de\/unsere-geschichte\/","og_site_name":"Monsoin","article_modified_time":"2026-03-17T17:17:35+00:00","og_image":[{"width":362,"height":217,"url":"https:\/\/monsoin.ch\/wp-content\/uploads\/2026\/03\/Imagem1.png","type":"image\/png"}],"twitter_card":"summary_large_image","twitter_misc":{"Gesch\u00e4tzte Lesezeit":"3\u00a0Minute"},"schema":{"@context":"https:\/\/schema.org","@graph":[{"@type":"WebPage","@id":"https:\/\/monsoin.ch\/de\/unsere-geschichte\/","url":"https:\/\/monsoin.ch\/de\/unsere-geschichte\/","name":"Unsere Geschichte - Monsoin","isPartOf":{"@id":"https:\/\/monsoin.ch\/de\/#website"},"primaryImageOfPage":{"@id":"https:\/\/monsoin.ch\/de\/unsere-geschichte\/#primaryimage"},"image":{"@id":"https:\/\/monsoin.ch\/de\/unsere-geschichte\/#primaryimage"},"thumbnailUrl":"https:\/\/monsoin.ch\/wp-content\/uploads\/2026\/03\/Imagem1.png","datePublished":"2026-03-02T12:17:11+00:00","dateModified":"2026-03-17T17:17:35+00:00","breadcrumb":{"@id":"https:\/\/monsoin.ch\/de\/unsere-geschichte\/#breadcrumb"},"inLanguage":"de","potentialAction":[{"@type":"ReadAction","target":["https:\/\/monsoin.ch\/de\/unsere-geschichte\/"]}]},{"@type":"ImageObject","inLanguage":"de","@id":"https:\/\/monsoin.ch\/de\/unsere-geschichte\/#primaryimage","url":"https:\/\/monsoin.ch\/wp-content\/uploads\/2026\/03\/Imagem1.png","contentUrl":"https:\/\/monsoin.ch\/wp-content\/uploads\/2026\/03\/Imagem1.png"},{"@type":"BreadcrumbList","@id":"https:\/\/monsoin.ch\/de\/unsere-geschichte\/#breadcrumb","itemListElement":[{"@type":"ListItem","position":1,"name":"Startseite","item":"https:\/\/monsoin.ch\/de\/startseite-monsoin\/"},{"@type":"ListItem","position":2,"name":"Unsere Geschichte"}]},{"@type":"WebSite","@id":"https:\/\/monsoin.ch\/de\/#website","url":"https:\/\/monsoin.ch\/de\/","name":"Monsoin","description":"Soins \u00e9nerg\u00e9tiques \u00e0 distance","publisher":{"@id":"https:\/\/monsoin.ch\/de\/#organization"},"potentialAction":[{"@type":"SearchAction","target":{"@type":"EntryPoint","urlTemplate":"https:\/\/monsoin.ch\/de\/?s={search_term_string}"},"query-input":{"@type":"PropertyValueSpecification","valueRequired":true,"valueName":"search_term_string"}}],"inLanguage":"de"},{"@type":"Organization","@id":"https:\/\/monsoin.ch\/de\/#organization","name":"Monsoin","url":"https:\/\/monsoin.ch\/de\/","logo":{"@type":"ImageObject","inLanguage":"de","@id":"https:\/\/monsoin.ch\/de\/#\/schema\/logo\/image\/","url":"http:\/\/monsoin.ch\/wp-content\/uploads\/2026\/02\/MON_SOIN_LOGOS_Mon_Soin_L_Blanc_1__2_.svg","contentUrl":"http:\/\/monsoin.ch\/wp-content\/uploads\/2026\/02\/MON_SOIN_LOGOS_Mon_Soin_L_Blanc_1__2_.svg","width":818,"height":232,"caption":"Monsoin"},"image":{"@id":"https:\/\/monsoin.ch\/de\/#\/schema\/logo\/image\/"}}]}},"_links":{"self":[{"href":"https:\/\/monsoin.ch\/de\/wp-json\/wp\/v2\/pages\/1165","targetHints":{"allow":["GET"]}}],"collection":[{"href":"https:\/\/monsoin.ch\/de\/wp-json\/wp\/v2\/pages"}],"about":[{"href":"https:\/\/monsoin.ch\/de\/wp-json\/wp\/v2\/types\/page"}],"author":[{"embeddable":true,"href":"https:\/\/monsoin.ch\/de\/wp-json\/wp\/v2\/users\/3"}],"replies":[{"embeddable":true,"href":"https:\/\/monsoin.ch\/de\/wp-json\/wp\/v2\/comments?post=1165"}],"version-history":[{"count":1,"href":"https:\/\/monsoin.ch\/de\/wp-json\/wp\/v2\/pages\/1165\/revisions"}],"predecessor-version":[{"id":1168,"href":"https:\/\/monsoin.ch\/de\/wp-json\/wp\/v2\/pages\/1165\/revisions\/1168"}],"wp:attachment":[{"href":"https:\/\/monsoin.ch\/de\/wp-json\/wp\/v2\/media?parent=1165"}],"curies":[{"name":"wp","href":"https:\/\/api.w.org\/{rel}","templated":true}]}}