{"id":1186,"date":"2026-03-05T13:15:17","date_gmt":"2026-03-05T12:15:17","guid":{"rendered":"https:\/\/monsoin.ch\/faqs\/"},"modified":"2026-03-17T18:18:26","modified_gmt":"2026-03-17T17:18:26","slug":"faqs","status":"publish","type":"page","link":"https:\/\/monsoin.ch\/de\/faqs\/","title":{"rendered":"FAQs"},"content":{"rendered":"\t\t<div data-elementor-type=\"wp-page\" data-elementor-id=\"1186\" class=\"elementor elementor-1186 elementor-992\" data-elementor-post-type=\"page\">\n\t\t\t\t<div class=\"elementor-element elementor-element-748667f e-flex e-con-boxed e-con e-parent\" data-id=\"748667f\" data-element_type=\"container\" data-e-type=\"container\">\n\t\t\t\t\t<div class=\"e-con-inner\">\n\t\t\t\t<div class=\"elementor-element elementor-element-0ebb660 elementor-align-center elementor-widget elementor-widget-breadcrumbs\" data-id=\"0ebb660\" data-element_type=\"widget\" data-e-type=\"widget\" data-widget_type=\"breadcrumbs.default\">\n\t\t\t\t\t<p id=\"breadcrumbs\"><span><span><a href=\"https:\/\/monsoin.ch\/de\/startseite-monsoin\/\">Startseite<\/a><\/span><\/span><\/p>\t\t\t\t<\/div>\n\t\t\t\t<div class=\"elementor-element elementor-element-2d274d3 elementor-widget elementor-widget-heading\" data-id=\"2d274d3\" data-element_type=\"widget\" data-e-type=\"widget\" data-widget_type=\"heading.default\">\n\t\t\t\t\t<h1 class=\"elementor-heading-title elementor-size-default\">FAQs<\/h1>\t\t\t\t<\/div>\n\t\t\t\t\t<\/div>\n\t\t\t\t<\/div>\n\t\t<div class=\"elementor-element elementor-element-8680238 e-flex e-con-boxed e-con e-parent\" data-id=\"8680238\" data-element_type=\"container\" data-e-type=\"container\">\n\t\t\t\t\t<div class=\"e-con-inner\">\n\t\t\t\t<div class=\"elementor-element elementor-element-61fb73d elementor-widget elementor-widget-text-editor\" data-id=\"61fb73d\" data-element_type=\"widget\" data-e-type=\"widget\" data-widget_type=\"text-editor.default\">\n\t\t\t\t\t\t\t\t\t<p>Alles, was Sie \u00fcber Monsoin wissen m\u00fcssen<\/p>\t\t\t\t\t\t\t\t<\/div>\n\t\t\t\t\t<\/div>\n\t\t\t\t<\/div>\n\t\t<div class=\"elementor-element elementor-element-e0216e8 e-flex e-con-boxed e-con e-parent\" data-id=\"e0216e8\" data-element_type=\"container\" data-e-type=\"container\">\n\t\t\t\t\t<div class=\"e-con-inner\">\n\t\t\t\t<div class=\"elementor-element elementor-element-3dfa8e5 elementor-widget elementor-widget-n-accordion\" data-id=\"3dfa8e5\" data-element_type=\"widget\" data-e-type=\"widget\" data-settings=\"{&quot;default_state&quot;:&quot;all_collapsed&quot;,&quot;max_items_expended&quot;:&quot;one&quot;,&quot;n_accordion_animation_duration&quot;:{&quot;unit&quot;:&quot;ms&quot;,&quot;size&quot;:400,&quot;sizes&quot;:[]}}\" data-widget_type=\"nested-accordion.default\">\n\t\t\t\t\t\t\t<div class=\"e-n-accordion\" aria-label=\"Accordion. Open links with Enter or Space, close with Escape, and navigate with Arrow Keys\">\n\t\t\t\t\t\t<details id=\"e-n-accordion-item-6490\" class=\"e-n-accordion-item\" >\n\t\t\t\t<summary class=\"e-n-accordion-item-title\" data-accordion-index=\"1\" tabindex=\"0\" aria-expanded=\"false\" aria-controls=\"e-n-accordion-item-6490\" >\n\t\t\t\t\t<span class='e-n-accordion-item-title-header'><div class=\"e-n-accordion-item-title-text\"> Was ist eine energetische Behandlung? <\/div><\/span>\n\t\t\t\t\t\t\t<span class='e-n-accordion-item-title-icon'>\n\t\t\t<span class='e-opened' ><i aria-hidden=\"true\" class=\" icon_minus_alt2\"><\/i><\/span>\n\t\t\t<span class='e-closed'><i aria-hidden=\"true\" class=\" icon_plus_alt2\"><\/i><\/span>\n\t\t<\/span>\n\n\t\t\t\t\t\t<\/summary>\n\t\t\t\t<div role=\"region\" aria-labelledby=\"e-n-accordion-item-6490\" class=\"elementor-element elementor-element-a76b292 e-con-full e-flex e-con e-child\" data-id=\"a76b292\" data-element_type=\"container\" data-e-type=\"container\">\n\t\t\t\t<div class=\"elementor-element elementor-element-c95d67b elementor-widget elementor-widget-text-editor\" data-id=\"c95d67b\" data-element_type=\"widget\" data-e-type=\"widget\" data-widget_type=\"text-editor.default\">\n\t\t\t\t\t\t\t\t\t<p>Alles im Universum ist Energie, ob umgewandelt oder nicht. Nach diesem Prinzip konzentriert sich eine energetische Behandlung auf die Energie, die in Sie hinein- und aus Ihnen herausflie\u00dft. Der Mensch besteht aus mehreren feinstofflichen K\u00f6rpern, die seinen materiellen K\u00f6rper umgeben. Wenn die Energie perfekt flie\u00dft, sind Sie gesund. Wenn sie in ihrer Bewegung behindert wird, entstehen Blockaden, die zu Krankheit und Energieverlust f\u00fchren.    <br data-v-91923aeb=\"\"><br data-v-91923aeb=\"\">Der oder die Energietherapeut(in) hilft dabei, an diesen Blockaden zu arbeiten, um Traumata, falsche Glaubenss\u00e4tze und mentale Muster aufzul\u00f6sen, in denen wir uns verfangen k\u00f6nnen. Das Ziel einer energetischen Behandlung ist es, Ihnen zu helfen, diese Blockaden zu identifizieren und daran zu arbeiten, um Gleichgewicht und Harmonie wiederzufinden. <br data-v-91923aeb=\"\"><br data-v-91923aeb=\"\">Auf einer anderen Ebene ist eine energetische Behandlung auch eine Begegnung mit sich selbst. Ein intimer Moment, der zu einer Reise zu sich selbst einl\u00e4dt, auf seine Weise geleitet von einem oder einer Energietherapeuten(in). <\/p>\t\t\t\t\t\t\t\t<\/div>\n\t\t\t\t<\/div>\n\t\t\t\t\t<\/details>\n\t\t\t\t\t\t<details id=\"e-n-accordion-item-6491\" class=\"e-n-accordion-item\" >\n\t\t\t\t<summary class=\"e-n-accordion-item-title\" data-accordion-index=\"2\" tabindex=\"-1\" aria-expanded=\"false\" aria-controls=\"e-n-accordion-item-6491\" >\n\t\t\t\t\t<span class='e-n-accordion-item-title-header'><div class=\"e-n-accordion-item-title-text\"> Wie funktioniert das? <\/div><\/span>\n\t\t\t\t\t\t\t<span class='e-n-accordion-item-title-icon'>\n\t\t\t<span class='e-opened' ><i aria-hidden=\"true\" class=\" icon_minus_alt2\"><\/i><\/span>\n\t\t\t<span class='e-closed'><i aria-hidden=\"true\" class=\" icon_plus_alt2\"><\/i><\/span>\n\t\t<\/span>\n\n\t\t\t\t\t\t<\/summary>\n\t\t\t\t<div role=\"region\" aria-labelledby=\"e-n-accordion-item-6491\" class=\"elementor-element elementor-element-e89fe78 e-con-full e-flex e-con e-child\" data-id=\"e89fe78\" data-element_type=\"container\" data-e-type=\"container\">\n\t\t\t\t<div class=\"elementor-element elementor-element-205b221 elementor-widget elementor-widget-text-editor\" data-id=\"205b221\" data-element_type=\"widget\" data-e-type=\"widget\" data-widget_type=\"text-editor.default\">\n\t\t\t\t\t\t\t\t\t<p>Stellen Sie sich vor, der Mensch sei ein Radioger\u00e4t, das verschiedene Frequenzen empfangen und senden kann. Die energetische Therapeutin bzw. der energetische Therapeut sendet eine Frequenz aus, die Sie empfangen k\u00f6nnen. Dadurch entsteht eine unsichtbare Verbindung. Wenn die energetische Therapeutin bzw. der energetische Therapeut sich mit Ihnen verbindet, wirkt sie bzw. er wie ein Medium \u2013 etymologisch \u201ein der Mitte platziert\u201c \u2013 zwischen Ihnen und der Welt. Die energetische Therapeutin bzw. der energetische Therapeut hilft dabei, \u00c4ngste sichtbar zu machen, an Ihrer Familienlinie zu arbeiten und Verletzungen zu heilen.    <br data-v-91923aeb=\"\"><br data-v-91923aeb=\"\">All dies geschieht aus der Ferne, da wir nicht auf unsere materielle Beschaffenheit beschr\u00e4nkt sind. Nach diesem Prinzip kann eine Fernbehandlung genauso wirksam sein wie eine Behandlung vor Ort oder sogar wirksamer, da es w\u00e4hrend der Behandlung keine Interferenzen gibt. <br data-v-91923aeb=\"\"><br data-v-91923aeb=\"\">Es muss noch darauf hingewiesen werden, dass jede Person, die eine Behandlung durchf\u00fchren m\u00f6chte, frei ist, diese Verbindung anzunehmen oder abzulehnen und ihre eigene Verantwortung daf\u00fcr zu \u00fcbernehmen, wenn der oder die Energietherapeut(in) sich mit ihr verbindet. Bevor Sie eine energetische Behandlung durchf\u00fchren, ist es wichtig, sich selbst zu kennen, eine energetische Frequenz zu sp\u00fcren und zu bewerten. F\u00fcr weitere Informationen lesen Sie bitte den Haftungsausschluss.  <\/p>\t\t\t\t\t\t\t\t<\/div>\n\t\t\t\t<\/div>\n\t\t\t\t\t<\/details>\n\t\t\t\t\t\t<details id=\"e-n-accordion-item-6492\" class=\"e-n-accordion-item\" >\n\t\t\t\t<summary class=\"e-n-accordion-item-title\" data-accordion-index=\"3\" tabindex=\"-1\" aria-expanded=\"false\" aria-controls=\"e-n-accordion-item-6492\" >\n\t\t\t\t\t<span class='e-n-accordion-item-title-header'><div class=\"e-n-accordion-item-title-text\"> Wie wendet man eine energetische Behandlung richtig an? <\/div><\/span>\n\t\t\t\t\t\t\t<span class='e-n-accordion-item-title-icon'>\n\t\t\t<span class='e-opened' ><i aria-hidden=\"true\" class=\" icon_minus_alt2\"><\/i><\/span>\n\t\t\t<span class='e-closed'><i aria-hidden=\"true\" class=\" icon_plus_alt2\"><\/i><\/span>\n\t\t<\/span>\n\n\t\t\t\t\t\t<\/summary>\n\t\t\t\t<div role=\"region\" aria-labelledby=\"e-n-accordion-item-6492\" class=\"elementor-element elementor-element-c706874 e-con-full e-flex e-con e-child\" data-id=\"c706874\" data-element_type=\"container\" data-e-type=\"container\">\n\t\t\t\t<div class=\"elementor-element elementor-element-b6982bc elementor-widget elementor-widget-text-editor\" data-id=\"b6982bc\" data-element_type=\"widget\" data-e-type=\"widget\" data-widget_type=\"text-editor.default\">\n\t\t\t\t\t\t\t\t\t<p>Um eine energetische Behandlung zu empfangen, ist es der Schl\u00fcssel, sich wohl und komfortabel mit sich selbst zu f\u00fchlen. Dies zeigt sich in einer aktiven Haltung, die es erm\u00f6glicht, seine Bed\u00fcrfnisse, W\u00fcnsche, aber auch seine Grenzen auszudr\u00fccken. Der oder die Energietherapeut(in) ist f\u00fcr Sie da und nicht umgekehrt.   <br data-v-91923aeb=\"\"><br data-v-91923aeb=\"\">Man darf nicht vergessen, dass niemand Sie besser kennt als Sie selbst. Wir sind alle Lichtwesen, die auf die Erde gekommen sind. Wir haben uns entschieden, uns zu inkarnieren, und unsere Herausforderungen geh\u00f6ren nur uns. Jeder und jede hat seinen eigenen Weg, und Ihrer ist nicht der Ihres Nachbarn oder Ihrer Nachbarin. Daher ist es wichtig, einer energetischen Behandlung Sinn und Richtung zu geben. F\u00fchren Sie nach einer energetischen Behandlung immer eine innere Pr\u00fcfung durch, denn die Selbstentwicklung ist ein langer Prozess, der es erm\u00f6glicht, zur eigenen Wahrheit zu gelangen.     <\/p>\t\t\t\t\t\t\t\t<\/div>\n\t\t\t\t<\/div>\n\t\t\t\t\t<\/details>\n\t\t\t\t\t\t<details id=\"e-n-accordion-item-6493\" class=\"e-n-accordion-item\" >\n\t\t\t\t<summary class=\"e-n-accordion-item-title\" data-accordion-index=\"4\" tabindex=\"-1\" aria-expanded=\"false\" aria-controls=\"e-n-accordion-item-6493\" >\n\t\t\t\t\t<span class='e-n-accordion-item-title-header'><div class=\"e-n-accordion-item-title-text\"> Wozu dient das? <\/div><\/span>\n\t\t\t\t\t\t\t<span class='e-n-accordion-item-title-icon'>\n\t\t\t<span class='e-opened' ><i aria-hidden=\"true\" class=\" icon_minus_alt2\"><\/i><\/span>\n\t\t\t<span class='e-closed'><i aria-hidden=\"true\" class=\" icon_plus_alt2\"><\/i><\/span>\n\t\t<\/span>\n\n\t\t\t\t\t\t<\/summary>\n\t\t\t\t<div role=\"region\" aria-labelledby=\"e-n-accordion-item-6493\" class=\"elementor-element elementor-element-98b0feb e-con-full e-flex e-con e-child\" data-id=\"98b0feb\" data-element_type=\"container\" data-e-type=\"container\">\n\t\t\t\t<div class=\"elementor-element elementor-element-3d275e7 elementor-widget elementor-widget-text-editor\" data-id=\"3d275e7\" data-element_type=\"widget\" data-e-type=\"widget\" data-widget_type=\"text-editor.default\">\n\t\t\t\t\t\t\t\t\t<p>Energetische Behandlungen haben vielf\u00e4ltige Vorteile und passen sich jeder Phase Ihres Lebens an. Hier ist, was Sie daraus gewinnen k\u00f6nnen: <br data-v-91923aeb=\"\"><br data-v-91923aeb=\"\">&#8211; Aufbau Ihres Selbstvertrauens: Finden Sie ein solides Selbstwertgef\u00fchl wieder.<br data-v-91923aeb=\"\">&#8211; L\u00f6sen Sie Ihre \u00c4ngste: Befreien Sie sich von den Blockaden, die Sie zur\u00fcckhalten.<br data-v-91923aeb=\"\">&#8211; Verbessern Sie Ihre Beziehungen: Arbeiten Sie an Ihren Verbindungen zu anderen, ob pers\u00f6nlich oder beruflich.<br data-v-91923aeb=\"\">&#8211; Entwickeln Sie Ihre pers\u00f6nliche Kraft: Entdecken und entfalten Sie Ihr Potenzial.<br data-v-91923aeb=\"\">&#8211; Verwirklichen Sie Ihre Projekte: Erwecken Sie Ihre Ambitionen zum Leben, indem Sie energetische Hindernisse beseitigen.<br data-v-91923aeb=\"\">&#8211; Heilen Sie eine emotionale Verletzung: Lindern und reparieren Sie tiefe Schmerzen.<br data-v-91923aeb=\"\">&#8211; Begleiten Sie eine Ver\u00e4nderung: Erleichtern Sie einen \u00dcbergang in Ihrem Leben durch energetische Begleitung.<br data-v-91923aeb=\"\">&#8211; Treten Sie in die Selbstliebe ein: Nehmen Sie sich selbst mit Wohlwollen vollst\u00e4ndig an.<br data-v-91923aeb=\"\">&#8211; Gleichen Sie Ihre Chakren aus und harmonisieren Sie sie: Finden Sie ein energetisches Gleichgewicht, um besser im Alltag zu leben.<br data-v-91923aeb=\"\">&#8211; Treffen Sie wichtige Entscheidungen: Kl\u00e4ren Sie Ihren Geist, um die richtigen Entscheidungen zu treffen.<br data-v-91923aeb=\"\">&#8211; Finden Sie Ihren Lebensweg wieder: Richten Sie sich nach Ihren wahren Bestrebungen aus und finden Sie Ihre Richtung wieder.<br data-v-91923aeb=\"\">&#8211; Entdecken Sie andere Realit\u00e4ten<\/p>\t\t\t\t\t\t\t\t<\/div>\n\t\t\t\t<\/div>\n\t\t\t\t\t<\/details>\n\t\t\t\t\t<\/div>\n\t\t\t\t\t\t<\/div>\n\t\t\t\t\t<\/div>\n\t\t\t\t<\/div>\n\t\t<div class=\"elementor-element elementor-element-69cf135 e-flex e-con-boxed e-con e-parent\" data-id=\"69cf135\" data-element_type=\"container\" data-e-type=\"container\">\n\t\t\t\t\t<div class=\"e-con-inner\">\n\t\t<div class=\"elementor-element elementor-element-f221fbe e-con-full e-flex e-con e-child\" data-id=\"f221fbe\" data-element_type=\"container\" data-e-type=\"container\" data-settings=\"{&quot;background_background&quot;:&quot;classic&quot;}\">\n\t\t\t\t<div class=\"elementor-element elementor-element-9caa498 elementor-view-default elementor-widget elementor-widget-icon\" data-id=\"9caa498\" data-element_type=\"widget\" data-e-type=\"widget\" data-widget_type=\"icon.default\">\n\t\t\t\t\t\t\t<div class=\"elementor-icon-wrapper\">\n\t\t\t<div class=\"elementor-icon\">\n\t\t\t<svg xmlns=\"http:\/\/www.w3.org\/2000\/svg\" width=\"43\" height=\"32\" viewBox=\"0 0 43 32\" fill=\"none\"><path d=\"M9.60763 32C6.71753 32 4.37421 30.9841 2.57766 28.9524C0.859219 26.8425 0 24.1074 0 20.7473C0 16.3712 1.28883 12.3077 3.86648 8.55677C6.44414 4.72772 9.64668 1.87546 13.4741 0L14.1771 1.40659C12.5368 2.6569 11.0917 4.25885 9.84196 6.21245C8.59219 8.16605 7.69392 10.5885 7.14714 13.4798L9.60763 14.0659C12.3415 14.6911 14.4505 15.8632 15.9346 17.5824C17.4968 19.2234 18.2779 21.2161 18.2779 23.5604C18.2779 26.061 17.4187 28.0928 15.7003 29.6557C14.0599 31.2186 12.0291 32 9.60763 32ZM34.3297 32C31.4396 32 29.0963 30.9841 27.2997 28.9524C25.5813 26.8425 24.7221 24.1074 24.7221 20.7473C24.7221 16.3712 26.0109 12.3077 28.5886 8.55677C31.1662 4.72772 34.3688 1.87546 38.1962 0L38.8992 1.40659C37.2589 2.6569 35.8138 4.25885 34.564 6.21245C33.3143 8.16605 32.416 10.5885 31.8692 13.4798L34.3297 14.0659C37.0636 14.6911 39.1726 15.8632 40.6567 17.5824C42.2189 19.2234 43 21.2161 43 23.5604C43 26.061 42.1408 28.0928 40.4223 29.6557C38.782 31.2186 36.7511 32 34.3297 32Z\" fill=\"#30481E\"><\/path><\/svg>\t\t\t<\/div>\n\t\t<\/div>\n\t\t\t\t\t\t<\/div>\n\t\t\t\t<div class=\"elementor-element elementor-element-c515cba elementor-widget elementor-widget-text-editor\" data-id=\"c515cba\" data-element_type=\"widget\" data-e-type=\"widget\" data-widget_type=\"text-editor.default\">\n\t\t\t\t\t\t\t\t\t<p>Es kommt ein Moment in unserem Leben, in dem wir an eine Kreuzung gelangen. Der oder die Energietherapeut(in) wird Ihnen wesentliche Schl\u00fcssel geben, um sich nach innen zu wenden, Ihre Quelle wiederzufinden und es zu wagen, in die Tiefe Ihres Wesens zu gehen.  Die Ver\u00e4nderung geschieht durch Ihren eigenen Willen. So wird die energetische Behandlung Sie dabei unterst\u00fctzen, Ihre Identit\u00e4t und Wahrheit zu finden. Manchmal kann dies sogar wie ein Gef\u00fchl klingen, das Sie bereits in sich wahrgenommen haben. Schlie\u00dflich wird der oder die Therapeut(in) Ihnen helfen, \u00fcber einen physischen K\u00f6rper hinauszugehen und das aufzul\u00f6sen, was Sie daran hindert, zur Quelle zu gelangen. <br data-v-91923aeb=\"\"><br data-v-91923aeb=\"\">Ich w\u00fcnsche Ihnen von ganzem Herzen fruchtbare energetische Behandlungen, m\u00f6gen sie Ihnen Frieden bringen, so wie sie mir geholfen haben, meinen Weg in schwierigen Zeiten wiederzufinden.<\/p>\t\t\t\t\t\t\t\t<\/div>\n\t\t\t\t<div class=\"elementor-element elementor-element-8296788 elementor-position-top elementor-widget elementor-widget-image-box\" data-id=\"8296788\" data-element_type=\"widget\" data-e-type=\"widget\" data-widget_type=\"image-box.default\">\n\t\t\t\t\t<div class=\"elementor-image-box-wrapper\"><figure class=\"elementor-image-box-img\"><img fetchpriority=\"high\" decoding=\"async\" width=\"2022\" height=\"2307\" src=\"https:\/\/monsoin.ch\/wp-content\/uploads\/2026\/03\/bugherdattachment_1_.jpg\" class=\"attachment-full size-full wp-image-1187\" alt=\"\" srcset=\"https:\/\/monsoin.ch\/wp-content\/uploads\/2026\/03\/bugherdattachment_1_.jpg 2022w, https:\/\/monsoin.ch\/wp-content\/uploads\/2026\/03\/bugherdattachment_1_-263x300.jpg 263w, https:\/\/monsoin.ch\/wp-content\/uploads\/2026\/03\/bugherdattachment_1_-897x1024.jpg 897w, https:\/\/monsoin.ch\/wp-content\/uploads\/2026\/03\/bugherdattachment_1_-768x876.jpg 768w, https:\/\/monsoin.ch\/wp-content\/uploads\/2026\/03\/bugherdattachment_1_-1346x1536.jpg 1346w, https:\/\/monsoin.ch\/wp-content\/uploads\/2026\/03\/bugherdattachment_1_-1795x2048.jpg 1795w\" sizes=\"(max-width: 2022px) 100vw, 2022px\" \/><\/figure><div class=\"elementor-image-box-content\"><div class=\"elementor-image-box-title\">Antoine Bongard<\/div><p class=\"elementor-image-box-description\">Gr\u00fcnder von Monsoin.ch<\/p><\/div><\/div>\t\t\t\t<\/div>\n\t\t\t\t<\/div>\n\t\t\t\t\t<\/div>\n\t\t\t\t<\/div>\n\t\t\t\t<\/div>\n\t\t","protected":false},"excerpt":{"rendered":"<p>Alles, was Sie \u00fcber Monsoin wissen m\u00fcssen Was ist eine energetische Behandlung? Alles im Universum ist Energie, ob umgewandelt oder nicht. Nach diesem Prinzip konzentriert sich eine energetische Behandlung auf die Energie, die in Sie hinein- und aus Ihnen herausflie\u00dft. Der Mensch besteht aus mehreren feinstofflichen K\u00f6rpern, die seinen materiellen K\u00f6rper umgeben. Wenn die Energie [&hellip;]<\/p>\n","protected":false},"author":3,"featured_media":0,"parent":0,"menu_order":0,"comment_status":"closed","ping_status":"closed","template":"","meta":{"footnotes":""},"class_list":["post-1186","page","type-page","status-publish","hentry"],"yoast_head":"<!-- This site is optimized with the Yoast SEO plugin v27.3 - https:\/\/yoast.com\/product\/yoast-seo-wordpress\/ -->\n<title>FAQs - Monsoin<\/title>\n<meta name=\"robots\" content=\"index, follow, max-snippet:-1, max-image-preview:large, max-video-preview:-1\" \/>\n<link rel=\"canonical\" href=\"https:\/\/monsoin.ch\/de\/faqs\/\" \/>\n<meta property=\"og:locale\" content=\"de_DE\" \/>\n<meta property=\"og:type\" content=\"article\" \/>\n<meta property=\"og:title\" content=\"FAQs - Monsoin\" \/>\n<meta property=\"og:description\" content=\"Alles, was Sie \u00fcber Monsoin wissen m\u00fcssen Was ist eine energetische Behandlung? Alles im Universum ist Energie, ob umgewandelt oder nicht. Nach diesem Prinzip konzentriert sich eine energetische Behandlung auf die Energie, die in Sie hinein- und aus Ihnen herausflie\u00dft. Der Mensch besteht aus mehreren feinstofflichen K\u00f6rpern, die seinen materiellen K\u00f6rper umgeben. Wenn die Energie [&hellip;]\" \/>\n<meta property=\"og:url\" content=\"https:\/\/monsoin.ch\/de\/faqs\/\" \/>\n<meta property=\"og:site_name\" content=\"Monsoin\" \/>\n<meta property=\"article:modified_time\" content=\"2026-03-17T17:18:26+00:00\" \/>\n<meta property=\"og:image\" content=\"https:\/\/monsoin.ch\/wp-content\/uploads\/2026\/03\/bugherdattachment_1_.jpg\" \/>\n\t<meta property=\"og:image:width\" content=\"2022\" \/>\n\t<meta property=\"og:image:height\" content=\"2307\" \/>\n\t<meta property=\"og:image:type\" content=\"image\/jpeg\" \/>\n<meta name=\"twitter:card\" content=\"summary_large_image\" \/>\n<meta name=\"twitter:label1\" content=\"Gesch\u00e4tzte Lesezeit\" \/>\n\t<meta name=\"twitter:data1\" content=\"8\u00a0Minute\" \/>\n<script type=\"application\/ld+json\" class=\"yoast-schema-graph\">{\"@context\":\"https:\\\/\\\/schema.org\",\"@graph\":[{\"@type\":\"WebPage\",\"@id\":\"https:\\\/\\\/monsoin.ch\\\/de\\\/faqs\\\/\",\"url\":\"https:\\\/\\\/monsoin.ch\\\/de\\\/faqs\\\/\",\"name\":\"FAQs - Monsoin\",\"isPartOf\":{\"@id\":\"https:\\\/\\\/monsoin.ch\\\/de\\\/#website\"},\"primaryImageOfPage\":{\"@id\":\"https:\\\/\\\/monsoin.ch\\\/de\\\/faqs\\\/#primaryimage\"},\"image\":{\"@id\":\"https:\\\/\\\/monsoin.ch\\\/de\\\/faqs\\\/#primaryimage\"},\"thumbnailUrl\":\"https:\\\/\\\/monsoin.ch\\\/wp-content\\\/uploads\\\/2026\\\/03\\\/bugherdattachment_1_.jpg\",\"datePublished\":\"2026-03-05T12:15:17+00:00\",\"dateModified\":\"2026-03-17T17:18:26+00:00\",\"breadcrumb\":{\"@id\":\"https:\\\/\\\/monsoin.ch\\\/de\\\/faqs\\\/#breadcrumb\"},\"inLanguage\":\"de\",\"potentialAction\":[{\"@type\":\"ReadAction\",\"target\":[\"https:\\\/\\\/monsoin.ch\\\/de\\\/faqs\\\/\"]}]},{\"@type\":\"ImageObject\",\"inLanguage\":\"de\",\"@id\":\"https:\\\/\\\/monsoin.ch\\\/de\\\/faqs\\\/#primaryimage\",\"url\":\"https:\\\/\\\/monsoin.ch\\\/wp-content\\\/uploads\\\/2026\\\/03\\\/bugherdattachment_1_.jpg\",\"contentUrl\":\"https:\\\/\\\/monsoin.ch\\\/wp-content\\\/uploads\\\/2026\\\/03\\\/bugherdattachment_1_.jpg\"},{\"@type\":\"BreadcrumbList\",\"@id\":\"https:\\\/\\\/monsoin.ch\\\/de\\\/faqs\\\/#breadcrumb\",\"itemListElement\":[{\"@type\":\"ListItem\",\"position\":1,\"name\":\"Startseite\",\"item\":\"https:\\\/\\\/monsoin.ch\\\/de\\\/startseite-monsoin\\\/\"},{\"@type\":\"ListItem\",\"position\":2,\"name\":\"FAQs\"}]},{\"@type\":\"WebSite\",\"@id\":\"https:\\\/\\\/monsoin.ch\\\/de\\\/#website\",\"url\":\"https:\\\/\\\/monsoin.ch\\\/de\\\/\",\"name\":\"Monsoin\",\"description\":\"Soins \u00e9nerg\u00e9tiques \u00e0 distance\",\"publisher\":{\"@id\":\"https:\\\/\\\/monsoin.ch\\\/de\\\/#organization\"},\"potentialAction\":[{\"@type\":\"SearchAction\",\"target\":{\"@type\":\"EntryPoint\",\"urlTemplate\":\"https:\\\/\\\/monsoin.ch\\\/de\\\/?s={search_term_string}\"},\"query-input\":{\"@type\":\"PropertyValueSpecification\",\"valueRequired\":true,\"valueName\":\"search_term_string\"}}],\"inLanguage\":\"de\"},{\"@type\":\"Organization\",\"@id\":\"https:\\\/\\\/monsoin.ch\\\/de\\\/#organization\",\"name\":\"Monsoin\",\"url\":\"https:\\\/\\\/monsoin.ch\\\/de\\\/\",\"logo\":{\"@type\":\"ImageObject\",\"inLanguage\":\"de\",\"@id\":\"https:\\\/\\\/monsoin.ch\\\/de\\\/#\\\/schema\\\/logo\\\/image\\\/\",\"url\":\"http:\\\/\\\/monsoin.ch\\\/wp-content\\\/uploads\\\/2026\\\/02\\\/MON_SOIN_LOGOS_Mon_Soin_L_Blanc_1__2_.svg\",\"contentUrl\":\"http:\\\/\\\/monsoin.ch\\\/wp-content\\\/uploads\\\/2026\\\/02\\\/MON_SOIN_LOGOS_Mon_Soin_L_Blanc_1__2_.svg\",\"width\":818,\"height\":232,\"caption\":\"Monsoin\"},\"image\":{\"@id\":\"https:\\\/\\\/monsoin.ch\\\/de\\\/#\\\/schema\\\/logo\\\/image\\\/\"}}]}<\/script>\n<!-- \/ Yoast SEO plugin. -->","yoast_head_json":{"title":"FAQs - Monsoin","robots":{"index":"index","follow":"follow","max-snippet":"max-snippet:-1","max-image-preview":"max-image-preview:large","max-video-preview":"max-video-preview:-1"},"canonical":"https:\/\/monsoin.ch\/de\/faqs\/","og_locale":"de_DE","og_type":"article","og_title":"FAQs - Monsoin","og_description":"Alles, was Sie \u00fcber Monsoin wissen m\u00fcssen Was ist eine energetische Behandlung? Alles im Universum ist Energie, ob umgewandelt oder nicht. Nach diesem Prinzip konzentriert sich eine energetische Behandlung auf die Energie, die in Sie hinein- und aus Ihnen herausflie\u00dft. Der Mensch besteht aus mehreren feinstofflichen K\u00f6rpern, die seinen materiellen K\u00f6rper umgeben. Wenn die Energie [&hellip;]","og_url":"https:\/\/monsoin.ch\/de\/faqs\/","og_site_name":"Monsoin","article_modified_time":"2026-03-17T17:18:26+00:00","og_image":[{"width":2022,"height":2307,"url":"https:\/\/monsoin.ch\/wp-content\/uploads\/2026\/03\/bugherdattachment_1_.jpg","type":"image\/jpeg"}],"twitter_card":"summary_large_image","twitter_misc":{"Gesch\u00e4tzte Lesezeit":"8\u00a0Minute"},"schema":{"@context":"https:\/\/schema.org","@graph":[{"@type":"WebPage","@id":"https:\/\/monsoin.ch\/de\/faqs\/","url":"https:\/\/monsoin.ch\/de\/faqs\/","name":"FAQs - Monsoin","isPartOf":{"@id":"https:\/\/monsoin.ch\/de\/#website"},"primaryImageOfPage":{"@id":"https:\/\/monsoin.ch\/de\/faqs\/#primaryimage"},"image":{"@id":"https:\/\/monsoin.ch\/de\/faqs\/#primaryimage"},"thumbnailUrl":"https:\/\/monsoin.ch\/wp-content\/uploads\/2026\/03\/bugherdattachment_1_.jpg","datePublished":"2026-03-05T12:15:17+00:00","dateModified":"2026-03-17T17:18:26+00:00","breadcrumb":{"@id":"https:\/\/monsoin.ch\/de\/faqs\/#breadcrumb"},"inLanguage":"de","potentialAction":[{"@type":"ReadAction","target":["https:\/\/monsoin.ch\/de\/faqs\/"]}]},{"@type":"ImageObject","inLanguage":"de","@id":"https:\/\/monsoin.ch\/de\/faqs\/#primaryimage","url":"https:\/\/monsoin.ch\/wp-content\/uploads\/2026\/03\/bugherdattachment_1_.jpg","contentUrl":"https:\/\/monsoin.ch\/wp-content\/uploads\/2026\/03\/bugherdattachment_1_.jpg"},{"@type":"BreadcrumbList","@id":"https:\/\/monsoin.ch\/de\/faqs\/#breadcrumb","itemListElement":[{"@type":"ListItem","position":1,"name":"Startseite","item":"https:\/\/monsoin.ch\/de\/startseite-monsoin\/"},{"@type":"ListItem","position":2,"name":"FAQs"}]},{"@type":"WebSite","@id":"https:\/\/monsoin.ch\/de\/#website","url":"https:\/\/monsoin.ch\/de\/","name":"Monsoin","description":"Soins \u00e9nerg\u00e9tiques \u00e0 distance","publisher":{"@id":"https:\/\/monsoin.ch\/de\/#organization"},"potentialAction":[{"@type":"SearchAction","target":{"@type":"EntryPoint","urlTemplate":"https:\/\/monsoin.ch\/de\/?s={search_term_string}"},"query-input":{"@type":"PropertyValueSpecification","valueRequired":true,"valueName":"search_term_string"}}],"inLanguage":"de"},{"@type":"Organization","@id":"https:\/\/monsoin.ch\/de\/#organization","name":"Monsoin","url":"https:\/\/monsoin.ch\/de\/","logo":{"@type":"ImageObject","inLanguage":"de","@id":"https:\/\/monsoin.ch\/de\/#\/schema\/logo\/image\/","url":"http:\/\/monsoin.ch\/wp-content\/uploads\/2026\/02\/MON_SOIN_LOGOS_Mon_Soin_L_Blanc_1__2_.svg","contentUrl":"http:\/\/monsoin.ch\/wp-content\/uploads\/2026\/02\/MON_SOIN_LOGOS_Mon_Soin_L_Blanc_1__2_.svg","width":818,"height":232,"caption":"Monsoin"},"image":{"@id":"https:\/\/monsoin.ch\/de\/#\/schema\/logo\/image\/"}}]}},"_links":{"self":[{"href":"https:\/\/monsoin.ch\/de\/wp-json\/wp\/v2\/pages\/1186","targetHints":{"allow":["GET"]}}],"collection":[{"href":"https:\/\/monsoin.ch\/de\/wp-json\/wp\/v2\/pages"}],"about":[{"href":"https:\/\/monsoin.ch\/de\/wp-json\/wp\/v2\/types\/page"}],"author":[{"embeddable":true,"href":"https:\/\/monsoin.ch\/de\/wp-json\/wp\/v2\/users\/3"}],"replies":[{"embeddable":true,"href":"https:\/\/monsoin.ch\/de\/wp-json\/wp\/v2\/comments?post=1186"}],"version-history":[{"count":1,"href":"https:\/\/monsoin.ch\/de\/wp-json\/wp\/v2\/pages\/1186\/revisions"}],"predecessor-version":[{"id":1188,"href":"https:\/\/monsoin.ch\/de\/wp-json\/wp\/v2\/pages\/1186\/revisions\/1188"}],"wp:attachment":[{"href":"https:\/\/monsoin.ch\/de\/wp-json\/wp\/v2\/media?parent=1186"}],"curies":[{"name":"wp","href":"https:\/\/api.w.org\/{rel}","templated":true}]}}