{"id":1242,"date":"2026-02-27T17:35:03","date_gmt":"2026-02-27T16:35:03","guid":{"rendered":"https:\/\/monsoin.ch\/datenschutz\/"},"modified":"2026-03-17T18:20:02","modified_gmt":"2026-03-17T17:20:02","slug":"datenschutz","status":"publish","type":"page","link":"https:\/\/monsoin.ch\/de\/datenschutz\/","title":{"rendered":"Datenschutz"},"content":{"rendered":"\t\t<div data-elementor-type=\"wp-page\" data-elementor-id=\"1242\" class=\"elementor elementor-1242 elementor-246\" data-elementor-post-type=\"page\">\n\t\t\t\t<div class=\"elementor-element elementor-element-748667f e-flex e-con-boxed e-con e-parent\" data-id=\"748667f\" data-element_type=\"container\" data-e-type=\"container\">\n\t\t\t\t\t<div class=\"e-con-inner\">\n\t\t\t\t<div class=\"elementor-element elementor-element-0ebb660 elementor-align-center elementor-widget elementor-widget-breadcrumbs\" data-id=\"0ebb660\" data-element_type=\"widget\" data-e-type=\"widget\" data-widget_type=\"breadcrumbs.default\">\n\t\t\t\t\t<p id=\"breadcrumbs\"><span><span><a href=\"https:\/\/monsoin.ch\/de\/startseite-monsoin\/\">Startseite<\/a><\/span><\/span><\/p>\t\t\t\t<\/div>\n\t\t\t\t<div class=\"elementor-element elementor-element-2d274d3 elementor-widget elementor-widget-heading\" data-id=\"2d274d3\" data-element_type=\"widget\" data-e-type=\"widget\" data-widget_type=\"heading.default\">\n\t\t\t\t\t<h1 class=\"elementor-heading-title elementor-size-default\">Datenschutz<\/h1>\t\t\t\t<\/div>\n\t\t\t\t\t<\/div>\n\t\t\t\t<\/div>\n\t\t<div class=\"elementor-element elementor-element-8680238 e-flex e-con-boxed e-con e-parent\" data-id=\"8680238\" data-element_type=\"container\" data-e-type=\"container\">\n\t\t\t\t\t<div class=\"e-con-inner\">\n\t\t\t\t<div class=\"elementor-element elementor-element-61fb73d elementor-widget elementor-widget-text-editor\" data-id=\"61fb73d\" data-element_type=\"widget\" data-e-type=\"widget\" data-widget_type=\"text-editor.default\">\n\t\t\t\t\t\t\t\t\t<p>Willkommen auf Monsoin.ch, der Plattform zur Vermittlung von Privatpersonen mit Anbietern energetischer Behandlungen. Durch den Zugriff auf und die Nutzung unserer Website erkennen Sie die Bedingungen dieser Haftungsausschlussklausel an und akzeptieren diese. Sie gelten f\u00fcr alle angebotenen Dienstleistungen. <\/p>\t\t\t\t\t\t\t\t<\/div>\n\t\t\t\t\t<\/div>\n\t\t\t\t<\/div>\n\t\t<div class=\"elementor-element elementor-element-e0216e8 e-flex e-con-boxed e-con e-parent\" data-id=\"e0216e8\" data-element_type=\"container\" data-e-type=\"container\">\n\t\t\t\t\t<div class=\"e-con-inner\">\n\t\t\t\t<div class=\"elementor-element elementor-element-dd733c1 elementor-widget elementor-widget-n-accordion\" data-id=\"dd733c1\" data-element_type=\"widget\" data-e-type=\"widget\" data-settings=\"{&quot;default_state&quot;:&quot;all_collapsed&quot;,&quot;max_items_expended&quot;:&quot;one&quot;,&quot;n_accordion_animation_duration&quot;:{&quot;unit&quot;:&quot;ms&quot;,&quot;size&quot;:400,&quot;sizes&quot;:[]}}\" data-widget_type=\"nested-accordion.default\">\n\t\t\t\t\t\t\t<div class=\"e-n-accordion\" aria-label=\"Accordion. Open links with Enter or Space, close with Escape, and navigate with Arrow Keys\">\n\t\t\t\t\t\t<details id=\"e-n-accordion-item-2320\" class=\"e-n-accordion-item\" >\n\t\t\t\t<summary class=\"e-n-accordion-item-title\" data-accordion-index=\"1\" tabindex=\"0\" aria-expanded=\"false\" aria-controls=\"e-n-accordion-item-2320\" >\n\t\t\t\t\t<span class='e-n-accordion-item-title-header'><div class=\"e-n-accordion-item-title-text\"> 1. Art der Dienstleistungen <\/div><\/span>\n\t\t\t\t\t\t\t<span class='e-n-accordion-item-title-icon'>\n\t\t\t<span class='e-opened' ><i aria-hidden=\"true\" class=\" icon_minus_alt2\"><\/i><\/span>\n\t\t\t<span class='e-closed'><i aria-hidden=\"true\" class=\" icon_plus_alt2\"><\/i><\/span>\n\t\t<\/span>\n\n\t\t\t\t\t\t<\/summary>\n\t\t\t\t<div role=\"region\" aria-labelledby=\"e-n-accordion-item-2320\" class=\"elementor-element elementor-element-0b09325 e-con-full e-flex e-con e-child\" data-id=\"0b09325\" data-element_type=\"container\" data-e-type=\"container\">\n\t\t\t\t<div class=\"elementor-element elementor-element-466e72c elementor-widget elementor-widget-text-editor\" data-id=\"466e72c\" data-element_type=\"widget\" data-e-type=\"widget\" data-widget_type=\"text-editor.default\">\n\t\t\t\t\t\t\t\t\t<p>Monsoin.ch stellt eine Plattform bereit, die es Nutzern erm\u00f6glicht, Anbieter energetischer Behandlungen zu finden und mit ihnen in Kontakt zu treten. Wir weisen ausdr\u00fccklich darauf hin, dass wir weder die Anbieter dieser energetischen Behandlungen noch deren Vertreter sind. Die \u00fcber unsere Plattform t\u00e4tigen Praktiker sind unabh\u00e4ngige Dritte.  <\/p>\t\t\t\t\t\t\t\t<\/div>\n\t\t\t\t<\/div>\n\t\t\t\t\t<\/details>\n\t\t\t\t\t\t<details id=\"e-n-accordion-item-2321\" class=\"e-n-accordion-item\" >\n\t\t\t\t<summary class=\"e-n-accordion-item-title\" data-accordion-index=\"2\" tabindex=\"-1\" aria-expanded=\"false\" aria-controls=\"e-n-accordion-item-2321\" >\n\t\t\t\t\t<span class='e-n-accordion-item-title-header'><div class=\"e-n-accordion-item-title-text\"> 2. Keine Ergebnisgarantie <\/div><\/span>\n\t\t\t\t\t\t\t<span class='e-n-accordion-item-title-icon'>\n\t\t\t<span class='e-opened' ><i aria-hidden=\"true\" class=\" icon_minus_alt2\"><\/i><\/span>\n\t\t\t<span class='e-closed'><i aria-hidden=\"true\" class=\" icon_plus_alt2\"><\/i><\/span>\n\t\t<\/span>\n\n\t\t\t\t\t\t<\/summary>\n\t\t\t\t<div role=\"region\" aria-labelledby=\"e-n-accordion-item-2321\" class=\"elementor-element elementor-element-e59f0eb e-con-full e-flex e-con e-child\" data-id=\"e59f0eb\" data-element_type=\"container\" data-e-type=\"container\">\n\t\t\t\t<div class=\"elementor-element elementor-element-a48c864 elementor-widget elementor-widget-text-editor\" data-id=\"a48c864\" data-element_type=\"widget\" data-e-type=\"widget\" data-widget_type=\"text-editor.default\">\n\t\t\t\t\t\t\t\t\t<p>Monsoin.ch garantiert keine spezifischen Ergebnisse, die sich aus Ihrer Nutzung der auf der Plattform angebotenen Dienstleistungen ergeben. Energetische Heilpraktiken sind vielf\u00e4ltig und ihre Wirksamkeit kann von Person zu Person variieren. <\/p>\t\t\t\t\t\t\t\t<\/div>\n\t\t\t\t<\/div>\n\t\t\t\t\t<\/details>\n\t\t\t\t\t\t<details id=\"e-n-accordion-item-2322\" class=\"e-n-accordion-item\" >\n\t\t\t\t<summary class=\"e-n-accordion-item-title\" data-accordion-index=\"3\" tabindex=\"-1\" aria-expanded=\"false\" aria-controls=\"e-n-accordion-item-2322\" >\n\t\t\t\t\t<span class='e-n-accordion-item-title-header'><div class=\"e-n-accordion-item-title-text\"> 3. Haftungsausschluss <\/div><\/span>\n\t\t\t\t\t\t\t<span class='e-n-accordion-item-title-icon'>\n\t\t\t<span class='e-opened' ><i aria-hidden=\"true\" class=\" icon_minus_alt2\"><\/i><\/span>\n\t\t\t<span class='e-closed'><i aria-hidden=\"true\" class=\" icon_plus_alt2\"><\/i><\/span>\n\t\t<\/span>\n\n\t\t\t\t\t\t<\/summary>\n\t\t\t\t<div role=\"region\" aria-labelledby=\"e-n-accordion-item-2322\" class=\"elementor-element elementor-element-b891d2f e-con-full e-flex e-con e-child\" data-id=\"b891d2f\" data-element_type=\"container\" data-e-type=\"container\">\n\t\t\t\t<div class=\"elementor-element elementor-element-3d84c2f elementor-widget elementor-widget-text-editor\" data-id=\"3d84c2f\" data-element_type=\"widget\" data-e-type=\"widget\" data-widget_type=\"text-editor.default\">\n\t\t\t\t\t\t\t\t\t<p>Durch die Nutzung von Monsoin.ch erkennen Sie an, dass jede Entscheidung, einen \u00fcber unseren Service gefundenen Anbieter energetischer Behandlungen zu konsultieren, in voller Kenntnis der Sachlage und auf eigenes Risiko getroffen wird. Monsoin.ch und seine verbundenen Unternehmen k\u00f6nnen nicht f\u00fcr negative Erfahrungen oder direkte oder indirekte Sch\u00e4den haftbar gemacht werden, die sich aus Ihrer Interaktion mit einem Energiepraktiker ergeben k\u00f6nnen. Informieren Sie sich \u00fcber die Person, bevor Sie einen Termin vereinbaren, und stellen Sie sicher, dass Sie \u00fcber energetische Schutzma\u00dfnahmen verf\u00fcgen, die Ihnen garantieren, mit unterschiedlichen und manchmal kraftvollen Energien umgehen zu k\u00f6nnen. Nehmen Sie diese Behandlungen nicht auf die leichte Schulter, seien Sie kritisch gegen\u00fcber sich selbst und gegen\u00fcber dem Praktiker. Diese Personen sind keine Zauberer \u2013 jede auftretende Schwierigkeit kann nur von Ihnen selbst gel\u00f6st werden, vergessen Sie das nicht. Seien Sie schlie\u00dflich vorsichtig und bewahren Sie stets einen Teil von sich selbst im Verborgenen.     <\/p>\t\t\t\t\t\t\t\t<\/div>\n\t\t\t\t<\/div>\n\t\t\t\t\t<\/details>\n\t\t\t\t\t\t<details id=\"e-n-accordion-item-2323\" class=\"e-n-accordion-item\" >\n\t\t\t\t<summary class=\"e-n-accordion-item-title\" data-accordion-index=\"4\" tabindex=\"-1\" aria-expanded=\"false\" aria-controls=\"e-n-accordion-item-2323\" >\n\t\t\t\t\t<span class='e-n-accordion-item-title-header'><div class=\"e-n-accordion-item-title-text\"> 4. Qualifikationen der Energietherapeuten <\/div><\/span>\n\t\t\t\t\t\t\t<span class='e-n-accordion-item-title-icon'>\n\t\t\t<span class='e-opened' ><i aria-hidden=\"true\" class=\" icon_minus_alt2\"><\/i><\/span>\n\t\t\t<span class='e-closed'><i aria-hidden=\"true\" class=\" icon_plus_alt2\"><\/i><\/span>\n\t\t<\/span>\n\n\t\t\t\t\t\t<\/summary>\n\t\t\t\t<div role=\"region\" aria-labelledby=\"e-n-accordion-item-2323\" class=\"elementor-element elementor-element-88515e7 e-con-full e-flex e-con e-child\" data-id=\"88515e7\" data-element_type=\"container\" data-e-type=\"container\">\n\t\t\t\t<div class=\"elementor-element elementor-element-a1d555d elementor-widget elementor-widget-text-editor\" data-id=\"a1d555d\" data-element_type=\"widget\" data-e-type=\"widget\" data-widget_type=\"text-editor.default\">\n\t\t\t\t\t\t\t\t\t<p>Durch die Nutzung von Monsoin.ch erkennen Sie an, dass jede Entscheidung, einen \u00fcber unseren Service gefundenen Anbieter energetischer Behandlungen zu konsultieren, in voller Kenntnis der Sachlage und auf eigenes Risiko getroffen wird. Monsoin.ch und seine verbundenen Unternehmen k\u00f6nnen nicht f\u00fcr negative Erfahrungen oder direkte oder indirekte Sch\u00e4den haftbar gemacht werden, die sich aus Ihrer Interaktion mit einem Energiepraktiker ergeben k\u00f6nnen. Informieren Sie sich \u00fcber die Person, bevor Sie einen Termin vereinbaren, und stellen Sie sicher, dass Sie \u00fcber energetische Schutzma\u00dfnahmen verf\u00fcgen, die Ihnen garantieren, mit unterschiedlichen und manchmal kraftvollen Energien umgehen zu k\u00f6nnen. Nehmen Sie diese Behandlungen nicht auf die leichte Schulter, seien Sie kritisch gegen\u00fcber sich selbst und gegen\u00fcber dem Praktiker. Diese Personen sind keine Zauberer \u2013 jede auftretende Schwierigkeit kann nur von Ihnen selbst gel\u00f6st werden, vergessen Sie das nicht. Seien Sie schlie\u00dflich vorsichtig und bewahren Sie stets einen Teil von sich selbst im Verborgenen.     <\/p>\t\t\t\t\t\t\t\t<\/div>\n\t\t\t\t<\/div>\n\t\t\t\t\t<\/details>\n\t\t\t\t\t\t<details id=\"e-n-accordion-item-2324\" class=\"e-n-accordion-item\" >\n\t\t\t\t<summary class=\"e-n-accordion-item-title\" data-accordion-index=\"5\" tabindex=\"-1\" aria-expanded=\"false\" aria-controls=\"e-n-accordion-item-2324\" >\n\t\t\t\t\t<span class='e-n-accordion-item-title-header'><div class=\"e-n-accordion-item-title-text\"> 5. Empfehlungen <\/div><\/span>\n\t\t\t\t\t\t\t<span class='e-n-accordion-item-title-icon'>\n\t\t\t<span class='e-opened' ><i aria-hidden=\"true\" class=\" icon_minus_alt2\"><\/i><\/span>\n\t\t\t<span class='e-closed'><i aria-hidden=\"true\" class=\" icon_plus_alt2\"><\/i><\/span>\n\t\t<\/span>\n\n\t\t\t\t\t\t<\/summary>\n\t\t\t\t<div role=\"region\" aria-labelledby=\"e-n-accordion-item-2324\" class=\"elementor-element elementor-element-2011299 e-con-full e-flex e-con e-child\" data-id=\"2011299\" data-element_type=\"container\" data-e-type=\"container\">\n\t\t\t\t<div class=\"elementor-element elementor-element-fd8a388 elementor-widget elementor-widget-text-editor\" data-id=\"fd8a388\" data-element_type=\"widget\" data-e-type=\"widget\" data-widget_type=\"text-editor.default\">\n\t\t\t\t\t\t\t\t\t<p>Es wird dringend empfohlen, bei jeder medizinischen Erkrankung oder gesundheitlichen Besorgnis einen qualifizierten Gesundheitsfachmann zu konsultieren. Die von den Praktikern auf unserer Plattform angebotenen Dienstleistungen d\u00fcrfen nicht die medizinische Beratung, Diagnose oder Behandlung durch Gesundheitsfachkr\u00e4fte ersetzen. <br data-v-91923aeb=\"\"><br data-v-91923aeb=\"\">Durch die Annahme dieser Bedingungen verzichten Sie ausdr\u00fccklich auf jedes Recht, Monsoin.ch oder seine verbundenen Unternehmen f\u00fcr Anspr\u00fcche im Zusammenhang mit der Nutzung unserer Plattform oder der von \u00fcber unseren Service gefundenen Energiepraktikern erbrachten Dienstleistungen zu belangen.<br data-v-91923aeb=\"\"><br data-v-91923aeb=\"\">Bei Fragen oder Bedenken zu dieser Haftungsausschlussklausel kontaktieren Sie uns bitte unter info@monsoin.ch.<br data-v-91923aeb=\"\"><br data-v-91923aeb=\"\">Durch die Nutzung von Monsoin.ch akzeptieren Sie diese Bedingungen in vollem Umfang.<\/p>\t\t\t\t\t\t\t\t<\/div>\n\t\t\t\t<\/div>\n\t\t\t\t\t<\/details>\n\t\t\t\t\t<\/div>\n\t\t\t\t\t\t<\/div>\n\t\t\t\t\t<\/div>\n\t\t\t\t<\/div>\n\t\t\t\t<\/div>\n\t\t","protected":false},"excerpt":{"rendered":"<p>Willkommen auf Monsoin.ch, der Plattform zur Vermittlung von Privatpersonen mit Anbietern energetischer Behandlungen. Durch den Zugriff auf und die Nutzung unserer Website erkennen Sie die Bedingungen dieser Haftungsausschlussklausel an und akzeptieren diese. Sie gelten f\u00fcr alle angebotenen Dienstleistungen. 1. Art der Dienstleistungen Monsoin.ch stellt eine Plattform bereit, die es Nutzern erm\u00f6glicht, Anbieter energetischer Behandlungen zu [&hellip;]<\/p>\n","protected":false},"author":3,"featured_media":0,"parent":0,"menu_order":0,"comment_status":"closed","ping_status":"closed","template":"","meta":{"footnotes":""},"class_list":["post-1242","page","type-page","status-publish","hentry"],"yoast_head":"<!-- This site is optimized with the Yoast SEO plugin v27.3 - https:\/\/yoast.com\/product\/yoast-seo-wordpress\/ -->\n<title>Datenschutz - Monsoin<\/title>\n<meta name=\"robots\" content=\"index, follow, max-snippet:-1, max-image-preview:large, max-video-preview:-1\" \/>\n<link rel=\"canonical\" href=\"https:\/\/monsoin.ch\/de\/datenschutz\/\" \/>\n<meta property=\"og:locale\" content=\"de_DE\" \/>\n<meta property=\"og:type\" content=\"article\" \/>\n<meta property=\"og:title\" content=\"Datenschutz - Monsoin\" \/>\n<meta property=\"og:description\" content=\"Willkommen auf Monsoin.ch, der Plattform zur Vermittlung von Privatpersonen mit Anbietern energetischer Behandlungen. Durch den Zugriff auf und die Nutzung unserer Website erkennen Sie die Bedingungen dieser Haftungsausschlussklausel an und akzeptieren diese. Sie gelten f\u00fcr alle angebotenen Dienstleistungen. 1. Art der Dienstleistungen Monsoin.ch stellt eine Plattform bereit, die es Nutzern erm\u00f6glicht, Anbieter energetischer Behandlungen zu [&hellip;]\" \/>\n<meta property=\"og:url\" content=\"https:\/\/monsoin.ch\/de\/datenschutz\/\" \/>\n<meta property=\"og:site_name\" content=\"Monsoin\" \/>\n<meta property=\"article:modified_time\" content=\"2026-03-17T17:20:02+00:00\" \/>\n<meta name=\"twitter:card\" content=\"summary_large_image\" \/>\n<meta name=\"twitter:label1\" content=\"Gesch\u00e4tzte Lesezeit\" \/>\n\t<meta name=\"twitter:data1\" content=\"5\u00a0Minute\" \/>\n<script type=\"application\/ld+json\" class=\"yoast-schema-graph\">{\"@context\":\"https:\\\/\\\/schema.org\",\"@graph\":[{\"@type\":\"WebPage\",\"@id\":\"https:\\\/\\\/monsoin.ch\\\/de\\\/datenschutz\\\/\",\"url\":\"https:\\\/\\\/monsoin.ch\\\/de\\\/datenschutz\\\/\",\"name\":\"Datenschutz - Monsoin\",\"isPartOf\":{\"@id\":\"https:\\\/\\\/monsoin.ch\\\/de\\\/#website\"},\"datePublished\":\"2026-02-27T16:35:03+00:00\",\"dateModified\":\"2026-03-17T17:20:02+00:00\",\"breadcrumb\":{\"@id\":\"https:\\\/\\\/monsoin.ch\\\/de\\\/datenschutz\\\/#breadcrumb\"},\"inLanguage\":\"de\",\"potentialAction\":[{\"@type\":\"ReadAction\",\"target\":[\"https:\\\/\\\/monsoin.ch\\\/de\\\/datenschutz\\\/\"]}]},{\"@type\":\"BreadcrumbList\",\"@id\":\"https:\\\/\\\/monsoin.ch\\\/de\\\/datenschutz\\\/#breadcrumb\",\"itemListElement\":[{\"@type\":\"ListItem\",\"position\":1,\"name\":\"Startseite\",\"item\":\"https:\\\/\\\/monsoin.ch\\\/de\\\/startseite-monsoin\\\/\"},{\"@type\":\"ListItem\",\"position\":2,\"name\":\"Datenschutz\"}]},{\"@type\":\"WebSite\",\"@id\":\"https:\\\/\\\/monsoin.ch\\\/de\\\/#website\",\"url\":\"https:\\\/\\\/monsoin.ch\\\/de\\\/\",\"name\":\"Monsoin\",\"description\":\"Soins \u00e9nerg\u00e9tiques \u00e0 distance\",\"publisher\":{\"@id\":\"https:\\\/\\\/monsoin.ch\\\/de\\\/#organization\"},\"potentialAction\":[{\"@type\":\"SearchAction\",\"target\":{\"@type\":\"EntryPoint\",\"urlTemplate\":\"https:\\\/\\\/monsoin.ch\\\/de\\\/?s={search_term_string}\"},\"query-input\":{\"@type\":\"PropertyValueSpecification\",\"valueRequired\":true,\"valueName\":\"search_term_string\"}}],\"inLanguage\":\"de\"},{\"@type\":\"Organization\",\"@id\":\"https:\\\/\\\/monsoin.ch\\\/de\\\/#organization\",\"name\":\"Monsoin\",\"url\":\"https:\\\/\\\/monsoin.ch\\\/de\\\/\",\"logo\":{\"@type\":\"ImageObject\",\"inLanguage\":\"de\",\"@id\":\"https:\\\/\\\/monsoin.ch\\\/de\\\/#\\\/schema\\\/logo\\\/image\\\/\",\"url\":\"http:\\\/\\\/monsoin.ch\\\/wp-content\\\/uploads\\\/2026\\\/02\\\/MON_SOIN_LOGOS_Mon_Soin_L_Blanc_1__2_.svg\",\"contentUrl\":\"http:\\\/\\\/monsoin.ch\\\/wp-content\\\/uploads\\\/2026\\\/02\\\/MON_SOIN_LOGOS_Mon_Soin_L_Blanc_1__2_.svg\",\"width\":818,\"height\":232,\"caption\":\"Monsoin\"},\"image\":{\"@id\":\"https:\\\/\\\/monsoin.ch\\\/de\\\/#\\\/schema\\\/logo\\\/image\\\/\"}}]}<\/script>\n<!-- \/ Yoast SEO plugin. -->","yoast_head_json":{"title":"Datenschutz - Monsoin","robots":{"index":"index","follow":"follow","max-snippet":"max-snippet:-1","max-image-preview":"max-image-preview:large","max-video-preview":"max-video-preview:-1"},"canonical":"https:\/\/monsoin.ch\/de\/datenschutz\/","og_locale":"de_DE","og_type":"article","og_title":"Datenschutz - Monsoin","og_description":"Willkommen auf Monsoin.ch, der Plattform zur Vermittlung von Privatpersonen mit Anbietern energetischer Behandlungen. Durch den Zugriff auf und die Nutzung unserer Website erkennen Sie die Bedingungen dieser Haftungsausschlussklausel an und akzeptieren diese. Sie gelten f\u00fcr alle angebotenen Dienstleistungen. 1. Art der Dienstleistungen Monsoin.ch stellt eine Plattform bereit, die es Nutzern erm\u00f6glicht, Anbieter energetischer Behandlungen zu [&hellip;]","og_url":"https:\/\/monsoin.ch\/de\/datenschutz\/","og_site_name":"Monsoin","article_modified_time":"2026-03-17T17:20:02+00:00","twitter_card":"summary_large_image","twitter_misc":{"Gesch\u00e4tzte Lesezeit":"5\u00a0Minute"},"schema":{"@context":"https:\/\/schema.org","@graph":[{"@type":"WebPage","@id":"https:\/\/monsoin.ch\/de\/datenschutz\/","url":"https:\/\/monsoin.ch\/de\/datenschutz\/","name":"Datenschutz - Monsoin","isPartOf":{"@id":"https:\/\/monsoin.ch\/de\/#website"},"datePublished":"2026-02-27T16:35:03+00:00","dateModified":"2026-03-17T17:20:02+00:00","breadcrumb":{"@id":"https:\/\/monsoin.ch\/de\/datenschutz\/#breadcrumb"},"inLanguage":"de","potentialAction":[{"@type":"ReadAction","target":["https:\/\/monsoin.ch\/de\/datenschutz\/"]}]},{"@type":"BreadcrumbList","@id":"https:\/\/monsoin.ch\/de\/datenschutz\/#breadcrumb","itemListElement":[{"@type":"ListItem","position":1,"name":"Startseite","item":"https:\/\/monsoin.ch\/de\/startseite-monsoin\/"},{"@type":"ListItem","position":2,"name":"Datenschutz"}]},{"@type":"WebSite","@id":"https:\/\/monsoin.ch\/de\/#website","url":"https:\/\/monsoin.ch\/de\/","name":"Monsoin","description":"Soins \u00e9nerg\u00e9tiques \u00e0 distance","publisher":{"@id":"https:\/\/monsoin.ch\/de\/#organization"},"potentialAction":[{"@type":"SearchAction","target":{"@type":"EntryPoint","urlTemplate":"https:\/\/monsoin.ch\/de\/?s={search_term_string}"},"query-input":{"@type":"PropertyValueSpecification","valueRequired":true,"valueName":"search_term_string"}}],"inLanguage":"de"},{"@type":"Organization","@id":"https:\/\/monsoin.ch\/de\/#organization","name":"Monsoin","url":"https:\/\/monsoin.ch\/de\/","logo":{"@type":"ImageObject","inLanguage":"de","@id":"https:\/\/monsoin.ch\/de\/#\/schema\/logo\/image\/","url":"http:\/\/monsoin.ch\/wp-content\/uploads\/2026\/02\/MON_SOIN_LOGOS_Mon_Soin_L_Blanc_1__2_.svg","contentUrl":"http:\/\/monsoin.ch\/wp-content\/uploads\/2026\/02\/MON_SOIN_LOGOS_Mon_Soin_L_Blanc_1__2_.svg","width":818,"height":232,"caption":"Monsoin"},"image":{"@id":"https:\/\/monsoin.ch\/de\/#\/schema\/logo\/image\/"}}]}},"_links":{"self":[{"href":"https:\/\/monsoin.ch\/de\/wp-json\/wp\/v2\/pages\/1242","targetHints":{"allow":["GET"]}}],"collection":[{"href":"https:\/\/monsoin.ch\/de\/wp-json\/wp\/v2\/pages"}],"about":[{"href":"https:\/\/monsoin.ch\/de\/wp-json\/wp\/v2\/types\/page"}],"author":[{"embeddable":true,"href":"https:\/\/monsoin.ch\/de\/wp-json\/wp\/v2\/users\/3"}],"replies":[{"embeddable":true,"href":"https:\/\/monsoin.ch\/de\/wp-json\/wp\/v2\/comments?post=1242"}],"version-history":[{"count":1,"href":"https:\/\/monsoin.ch\/de\/wp-json\/wp\/v2\/pages\/1242\/revisions"}],"predecessor-version":[{"id":1243,"href":"https:\/\/monsoin.ch\/de\/wp-json\/wp\/v2\/pages\/1242\/revisions\/1243"}],"wp:attachment":[{"href":"https:\/\/monsoin.ch\/de\/wp-json\/wp\/v2\/media?parent=1242"}],"curies":[{"name":"wp","href":"https:\/\/api.w.org\/{rel}","templated":true}]}}