{"id":1155,"date":"2026-03-02T13:17:11","date_gmt":"2026-03-02T12:17:11","guid":{"rendered":"https:\/\/monsoin.ch\/our-story\/"},"modified":"2026-03-17T18:17:22","modified_gmt":"2026-03-17T17:17:22","slug":"our-story","status":"publish","type":"page","link":"https:\/\/monsoin.ch\/en\/our-story\/","title":{"rendered":"Our story"},"content":{"rendered":"\t\t<div data-elementor-type=\"wp-page\" data-elementor-id=\"1155\" class=\"elementor elementor-1155 elementor-289\" data-elementor-post-type=\"page\">\n\t\t\t\t<div class=\"elementor-element elementor-element-748667f e-flex e-con-boxed e-con e-parent\" data-id=\"748667f\" data-element_type=\"container\" data-e-type=\"container\">\n\t\t\t\t\t<div class=\"e-con-inner\">\n\t\t\t\t<div class=\"elementor-element elementor-element-0ebb660 elementor-align-center elementor-widget elementor-widget-breadcrumbs\" data-id=\"0ebb660\" data-element_type=\"widget\" data-e-type=\"widget\" data-widget_type=\"breadcrumbs.default\">\n\t\t\t\t\t<p id=\"breadcrumbs\"><span><span><a href=\"https:\/\/monsoin.ch\/en\/home-monsoin\/\">Home<\/a><\/span><\/span><\/p>\t\t\t\t<\/div>\n\t\t\t\t<div class=\"elementor-element elementor-element-2d274d3 elementor-widget elementor-widget-heading\" data-id=\"2d274d3\" data-element_type=\"widget\" data-e-type=\"widget\" data-widget_type=\"heading.default\">\n\t\t\t\t\t<h1 class=\"elementor-heading-title elementor-size-default\">Our story<\/h1>\t\t\t\t<\/div>\n\t\t\t\t\t<\/div>\n\t\t\t\t<\/div>\n\t\t<div class=\"elementor-element elementor-element-5f35833 e-flex e-con-boxed e-con e-parent\" data-id=\"5f35833\" data-element_type=\"container\" data-e-type=\"container\">\n\t\t\t\t\t<div class=\"e-con-inner\">\n\t\t<div class=\"elementor-element elementor-element-010d5d8 e-con-full e-flex e-con e-child\" data-id=\"010d5d8\" data-element_type=\"container\" data-e-type=\"container\" data-settings=\"{&quot;background_background&quot;:&quot;classic&quot;}\">\n\t\t\t\t<div class=\"elementor-element elementor-element-61fb73d elementor-widget elementor-widget-text-editor\" data-id=\"61fb73d\" data-element_type=\"widget\" data-e-type=\"widget\" data-widget_type=\"text-editor.default\">\n\t\t\t\t\t\t\t\t\t<p>I am being asked to write the story of Monsoin.ch even though we are only at the beginning of the adventure. A curious paradox, when each day the path becomes a little clearer. <br data-v-91923aeb=\"\"><br data-v-91923aeb=\"\">But why speak of a path? Because Monsoin.ch is, above all, a human story written by many, with a deeply spiritual dimension. It is not merely an idea we are trying to bring to life; it is an adventure we create every day with all of you. The team is listed at the bottom of this page if you would like to take a look.   <br data-v-91923aeb=\"\"><br data-v-91923aeb=\"\">And what is this project?<br data-v-91923aeb=\"\"><br data-v-91923aeb=\"\">One day, I saw a colleague who is half English and South American make a video call with an Uruguayan shaman. The shaman was on the other side of the world, in Uruguay, while we were simply in Fribourg, Switzerland. <br data-v-91923aeb=\"\"><br data-v-91923aeb=\"\">I thought to myself: &#8220;This is incredible!&#8221; Having access, from home, to such unique and specialized therapists\u2026 Normally, you would have to travel, do your research, and go to them. And here, everything becomes possible with a single click. <br data-v-91923aeb=\"\"><br data-v-91923aeb=\"\">That is exactly what we want to offer you with Monsoin.ch: the opportunity to meet, with complete ease, certified and internationally recognized therapists.<br data-v-91923aeb=\"\"><br data-v-91923aeb=\"\">What beliefs and convictions lie behind such a project?<br data-v-91923aeb=\"\"><br data-v-91923aeb=\"\">There is the belief that energy healing can help us get to know ourselves better, understand ourselves better, and thus care for ourselves in all our dimensions\u2014from our physical body to our mind, through our heart and our soul. Becoming aware of who we are, both as an individual\u2014deeply ourselves\u2014and as part of a whole: together, we are that whole. When we do not pay attention to a neighbor who is suffering, we are also not paying attention to ourselves. We are all connected, all on this earth, all together, whether we want it or not. This bond that connects us, and that we often forget, we neglect even though another person\u2019s suffering is also my suffering\u2014just as joy, love, and truth are.     <br data-v-91923aeb=\"\"><br data-v-91923aeb=\"\">From this belief arises Monsoin.ch\u2019s deep conviction: the desire to create a community that supports one another, enabling each person to learn to know themselves in all their dimensions. For example, what we inherit from our parents, from our past lives, our inner struggles, getting to know our subtle bodies and understanding how all of this fits into our lives. To that end, the therapists on Monsoin.ch can offer you insights so that each person can develop their logos\u2014their understanding of themselves.   <br data-v-91923aeb=\"\"><br data-v-91923aeb=\"\">But what is the point of understanding yourself better?<br data-v-91923aeb=\"\"><br data-v-91923aeb=\"\">It allows you to learn to care for yourself more fully, to discover facets of yourself and accept them. This is what Monsoin.ch aims to help you discover and develop, so that you may find inner serenity. <br data-v-91923aeb=\"\"><br data-v-91923aeb=\"\">We wish you fruitful healing sessions and self-discoveries that will bring you more love and joy in your daily life.<br data-v-91923aeb=\"\"><br data-v-91923aeb=\"\">Thank you for your support in this wonderful adventure that we are all creating together.<\/p>\t\t\t\t\t\t\t\t<\/div>\n\t\t\t\t<div class=\"elementor-element elementor-element-5c43709 elementor-position-top elementor-widget elementor-widget-image-box\" data-id=\"5c43709\" data-element_type=\"widget\" data-e-type=\"widget\" data-widget_type=\"image-box.default\">\n\t\t\t\t\t<div class=\"elementor-image-box-wrapper\"><figure class=\"elementor-image-box-img\"><img fetchpriority=\"high\" decoding=\"async\" width=\"362\" height=\"217\" src=\"https:\/\/monsoin.ch\/wp-content\/uploads\/2026\/03\/Imagem1.png\" class=\"attachment-full size-full wp-image-1157\" alt=\"\" srcset=\"https:\/\/monsoin.ch\/wp-content\/uploads\/2026\/03\/Imagem1.png 362w, https:\/\/monsoin.ch\/wp-content\/uploads\/2026\/03\/Imagem1-300x180.png 300w\" sizes=\"(max-width: 362px) 100vw, 362px\" \/><\/figure><div class=\"elementor-image-box-content\"><div class=\"elementor-image-box-title\">Antoine Bongard<\/div><p class=\"elementor-image-box-description\">Founder of Monsoin.ch<\/p><\/div><\/div>\t\t\t\t<\/div>\n\t\t\t\t<\/div>\n\t\t\t\t\t<\/div>\n\t\t\t\t<\/div>\n\t\t<div class=\"elementor-element elementor-element-8680238 e-flex e-con-boxed e-con e-parent\" data-id=\"8680238\" data-element_type=\"container\" data-e-type=\"container\">\n\t\t\t\t\t<div class=\"e-con-inner\">\n\t\t\t\t\t<\/div>\n\t\t\t\t<\/div>\n\t\t\t\t<\/div>\n\t\t","protected":false},"excerpt":{"rendered":"<p>I am being asked to write the story of Monsoin.ch even though we are only at the beginning of the adventure. A curious paradox, when each day the path becomes a little clearer. But why speak of a path? Because Monsoin.ch is, above all, a human story written by many, with a deeply spiritual dimension. [&hellip;]<\/p>\n","protected":false},"author":3,"featured_media":0,"parent":0,"menu_order":0,"comment_status":"closed","ping_status":"closed","template":"","meta":{"footnotes":""},"class_list":["post-1155","page","type-page","status-publish","hentry"],"yoast_head":"<!-- This site is optimized with the Yoast SEO plugin v27.3 - https:\/\/yoast.com\/product\/yoast-seo-wordpress\/ -->\n<title>Our story - Monsoin<\/title>\n<meta name=\"robots\" content=\"index, follow, max-snippet:-1, max-image-preview:large, max-video-preview:-1\" \/>\n<link rel=\"canonical\" href=\"https:\/\/monsoin.ch\/en\/our-story\/\" \/>\n<meta property=\"og:locale\" content=\"en_US\" \/>\n<meta property=\"og:type\" content=\"article\" \/>\n<meta property=\"og:title\" content=\"Our story - Monsoin\" \/>\n<meta property=\"og:description\" content=\"I am being asked to write the story of Monsoin.ch even though we are only at the beginning of the adventure. A curious paradox, when each day the path becomes a little clearer. But why speak of a path? Because Monsoin.ch is, above all, a human story written by many, with a deeply spiritual dimension. [&hellip;]\" \/>\n<meta property=\"og:url\" content=\"https:\/\/monsoin.ch\/en\/our-story\/\" \/>\n<meta property=\"og:site_name\" content=\"Monsoin\" \/>\n<meta property=\"article:modified_time\" content=\"2026-03-17T17:17:22+00:00\" \/>\n<meta property=\"og:image\" content=\"https:\/\/monsoin.ch\/wp-content\/uploads\/2026\/03\/Imagem1.png\" \/>\n\t<meta property=\"og:image:width\" content=\"362\" \/>\n\t<meta property=\"og:image:height\" content=\"217\" \/>\n\t<meta property=\"og:image:type\" content=\"image\/png\" \/>\n<meta name=\"twitter:card\" content=\"summary_large_image\" \/>\n<meta name=\"twitter:label1\" content=\"Est. reading time\" \/>\n\t<meta name=\"twitter:data1\" content=\"3 minutes\" \/>\n<script type=\"application\/ld+json\" class=\"yoast-schema-graph\">{\"@context\":\"https:\\\/\\\/schema.org\",\"@graph\":[{\"@type\":\"WebPage\",\"@id\":\"https:\\\/\\\/monsoin.ch\\\/en\\\/our-story\\\/\",\"url\":\"https:\\\/\\\/monsoin.ch\\\/en\\\/our-story\\\/\",\"name\":\"Our story - Monsoin\",\"isPartOf\":{\"@id\":\"https:\\\/\\\/monsoin.ch\\\/en\\\/#website\"},\"primaryImageOfPage\":{\"@id\":\"https:\\\/\\\/monsoin.ch\\\/en\\\/our-story\\\/#primaryimage\"},\"image\":{\"@id\":\"https:\\\/\\\/monsoin.ch\\\/en\\\/our-story\\\/#primaryimage\"},\"thumbnailUrl\":\"https:\\\/\\\/monsoin.ch\\\/wp-content\\\/uploads\\\/2026\\\/03\\\/Imagem1.png\",\"datePublished\":\"2026-03-02T12:17:11+00:00\",\"dateModified\":\"2026-03-17T17:17:22+00:00\",\"breadcrumb\":{\"@id\":\"https:\\\/\\\/monsoin.ch\\\/en\\\/our-story\\\/#breadcrumb\"},\"inLanguage\":\"en-US\",\"potentialAction\":[{\"@type\":\"ReadAction\",\"target\":[\"https:\\\/\\\/monsoin.ch\\\/en\\\/our-story\\\/\"]}]},{\"@type\":\"ImageObject\",\"inLanguage\":\"en-US\",\"@id\":\"https:\\\/\\\/monsoin.ch\\\/en\\\/our-story\\\/#primaryimage\",\"url\":\"https:\\\/\\\/monsoin.ch\\\/wp-content\\\/uploads\\\/2026\\\/03\\\/Imagem1.png\",\"contentUrl\":\"https:\\\/\\\/monsoin.ch\\\/wp-content\\\/uploads\\\/2026\\\/03\\\/Imagem1.png\"},{\"@type\":\"BreadcrumbList\",\"@id\":\"https:\\\/\\\/monsoin.ch\\\/en\\\/our-story\\\/#breadcrumb\",\"itemListElement\":[{\"@type\":\"ListItem\",\"position\":1,\"name\":\"Home\",\"item\":\"https:\\\/\\\/monsoin.ch\\\/en\\\/home-monsoin\\\/\"},{\"@type\":\"ListItem\",\"position\":2,\"name\":\"Our story\"}]},{\"@type\":\"WebSite\",\"@id\":\"https:\\\/\\\/monsoin.ch\\\/en\\\/#website\",\"url\":\"https:\\\/\\\/monsoin.ch\\\/en\\\/\",\"name\":\"Monsoin\",\"description\":\"Soins \u00e9nerg\u00e9tiques \u00e0 distance\",\"publisher\":{\"@id\":\"https:\\\/\\\/monsoin.ch\\\/en\\\/#organization\"},\"potentialAction\":[{\"@type\":\"SearchAction\",\"target\":{\"@type\":\"EntryPoint\",\"urlTemplate\":\"https:\\\/\\\/monsoin.ch\\\/en\\\/?s={search_term_string}\"},\"query-input\":{\"@type\":\"PropertyValueSpecification\",\"valueRequired\":true,\"valueName\":\"search_term_string\"}}],\"inLanguage\":\"en-US\"},{\"@type\":\"Organization\",\"@id\":\"https:\\\/\\\/monsoin.ch\\\/en\\\/#organization\",\"name\":\"Monsoin\",\"url\":\"https:\\\/\\\/monsoin.ch\\\/en\\\/\",\"logo\":{\"@type\":\"ImageObject\",\"inLanguage\":\"en-US\",\"@id\":\"https:\\\/\\\/monsoin.ch\\\/en\\\/#\\\/schema\\\/logo\\\/image\\\/\",\"url\":\"http:\\\/\\\/monsoin.ch\\\/wp-content\\\/uploads\\\/2026\\\/02\\\/MON_SOIN_LOGOS_Mon_Soin_L_Blanc_1__2_.svg\",\"contentUrl\":\"http:\\\/\\\/monsoin.ch\\\/wp-content\\\/uploads\\\/2026\\\/02\\\/MON_SOIN_LOGOS_Mon_Soin_L_Blanc_1__2_.svg\",\"width\":818,\"height\":232,\"caption\":\"Monsoin\"},\"image\":{\"@id\":\"https:\\\/\\\/monsoin.ch\\\/en\\\/#\\\/schema\\\/logo\\\/image\\\/\"}}]}<\/script>\n<!-- \/ Yoast SEO plugin. -->","yoast_head_json":{"title":"Our story - Monsoin","robots":{"index":"index","follow":"follow","max-snippet":"max-snippet:-1","max-image-preview":"max-image-preview:large","max-video-preview":"max-video-preview:-1"},"canonical":"https:\/\/monsoin.ch\/en\/our-story\/","og_locale":"en_US","og_type":"article","og_title":"Our story - Monsoin","og_description":"I am being asked to write the story of Monsoin.ch even though we are only at the beginning of the adventure. A curious paradox, when each day the path becomes a little clearer. But why speak of a path? Because Monsoin.ch is, above all, a human story written by many, with a deeply spiritual dimension. [&hellip;]","og_url":"https:\/\/monsoin.ch\/en\/our-story\/","og_site_name":"Monsoin","article_modified_time":"2026-03-17T17:17:22+00:00","og_image":[{"width":362,"height":217,"url":"https:\/\/monsoin.ch\/wp-content\/uploads\/2026\/03\/Imagem1.png","type":"image\/png"}],"twitter_card":"summary_large_image","twitter_misc":{"Est. reading time":"3 minutes"},"schema":{"@context":"https:\/\/schema.org","@graph":[{"@type":"WebPage","@id":"https:\/\/monsoin.ch\/en\/our-story\/","url":"https:\/\/monsoin.ch\/en\/our-story\/","name":"Our story - Monsoin","isPartOf":{"@id":"https:\/\/monsoin.ch\/en\/#website"},"primaryImageOfPage":{"@id":"https:\/\/monsoin.ch\/en\/our-story\/#primaryimage"},"image":{"@id":"https:\/\/monsoin.ch\/en\/our-story\/#primaryimage"},"thumbnailUrl":"https:\/\/monsoin.ch\/wp-content\/uploads\/2026\/03\/Imagem1.png","datePublished":"2026-03-02T12:17:11+00:00","dateModified":"2026-03-17T17:17:22+00:00","breadcrumb":{"@id":"https:\/\/monsoin.ch\/en\/our-story\/#breadcrumb"},"inLanguage":"en-US","potentialAction":[{"@type":"ReadAction","target":["https:\/\/monsoin.ch\/en\/our-story\/"]}]},{"@type":"ImageObject","inLanguage":"en-US","@id":"https:\/\/monsoin.ch\/en\/our-story\/#primaryimage","url":"https:\/\/monsoin.ch\/wp-content\/uploads\/2026\/03\/Imagem1.png","contentUrl":"https:\/\/monsoin.ch\/wp-content\/uploads\/2026\/03\/Imagem1.png"},{"@type":"BreadcrumbList","@id":"https:\/\/monsoin.ch\/en\/our-story\/#breadcrumb","itemListElement":[{"@type":"ListItem","position":1,"name":"Home","item":"https:\/\/monsoin.ch\/en\/home-monsoin\/"},{"@type":"ListItem","position":2,"name":"Our story"}]},{"@type":"WebSite","@id":"https:\/\/monsoin.ch\/en\/#website","url":"https:\/\/monsoin.ch\/en\/","name":"Monsoin","description":"Soins \u00e9nerg\u00e9tiques \u00e0 distance","publisher":{"@id":"https:\/\/monsoin.ch\/en\/#organization"},"potentialAction":[{"@type":"SearchAction","target":{"@type":"EntryPoint","urlTemplate":"https:\/\/monsoin.ch\/en\/?s={search_term_string}"},"query-input":{"@type":"PropertyValueSpecification","valueRequired":true,"valueName":"search_term_string"}}],"inLanguage":"en-US"},{"@type":"Organization","@id":"https:\/\/monsoin.ch\/en\/#organization","name":"Monsoin","url":"https:\/\/monsoin.ch\/en\/","logo":{"@type":"ImageObject","inLanguage":"en-US","@id":"https:\/\/monsoin.ch\/en\/#\/schema\/logo\/image\/","url":"http:\/\/monsoin.ch\/wp-content\/uploads\/2026\/02\/MON_SOIN_LOGOS_Mon_Soin_L_Blanc_1__2_.svg","contentUrl":"http:\/\/monsoin.ch\/wp-content\/uploads\/2026\/02\/MON_SOIN_LOGOS_Mon_Soin_L_Blanc_1__2_.svg","width":818,"height":232,"caption":"Monsoin"},"image":{"@id":"https:\/\/monsoin.ch\/en\/#\/schema\/logo\/image\/"}}]}},"_links":{"self":[{"href":"https:\/\/monsoin.ch\/en\/wp-json\/wp\/v2\/pages\/1155","targetHints":{"allow":["GET"]}}],"collection":[{"href":"https:\/\/monsoin.ch\/en\/wp-json\/wp\/v2\/pages"}],"about":[{"href":"https:\/\/monsoin.ch\/en\/wp-json\/wp\/v2\/types\/page"}],"author":[{"embeddable":true,"href":"https:\/\/monsoin.ch\/en\/wp-json\/wp\/v2\/users\/3"}],"replies":[{"embeddable":true,"href":"https:\/\/monsoin.ch\/en\/wp-json\/wp\/v2\/comments?post=1155"}],"version-history":[{"count":1,"href":"https:\/\/monsoin.ch\/en\/wp-json\/wp\/v2\/pages\/1155\/revisions"}],"predecessor-version":[{"id":1158,"href":"https:\/\/monsoin.ch\/en\/wp-json\/wp\/v2\/pages\/1155\/revisions\/1158"}],"wp:attachment":[{"href":"https:\/\/monsoin.ch\/en\/wp-json\/wp\/v2\/media?parent=1155"}],"curies":[{"name":"wp","href":"https:\/\/api.w.org\/{rel}","templated":true}]}}