{"id":1171,"date":"2026-03-05T13:15:17","date_gmt":"2026-03-05T12:15:17","guid":{"rendered":"https:\/\/monsoin.ch\/faqs\/"},"modified":"2026-03-17T18:17:59","modified_gmt":"2026-03-17T17:17:59","slug":"faqs","status":"publish","type":"page","link":"https:\/\/monsoin.ch\/en\/faqs\/","title":{"rendered":"FAQs"},"content":{"rendered":"\t\t<div data-elementor-type=\"wp-page\" data-elementor-id=\"1171\" class=\"elementor elementor-1171 elementor-992\" data-elementor-post-type=\"page\">\n\t\t\t\t<div class=\"elementor-element elementor-element-748667f e-flex e-con-boxed e-con e-parent\" data-id=\"748667f\" data-element_type=\"container\" data-e-type=\"container\">\n\t\t\t\t\t<div class=\"e-con-inner\">\n\t\t\t\t<div class=\"elementor-element elementor-element-0ebb660 elementor-align-center elementor-widget elementor-widget-breadcrumbs\" data-id=\"0ebb660\" data-element_type=\"widget\" data-e-type=\"widget\" data-widget_type=\"breadcrumbs.default\">\n\t\t\t\t\t<p id=\"breadcrumbs\"><span><span><a href=\"https:\/\/monsoin.ch\/en\/home-monsoin\/\">Home<\/a><\/span><\/span><\/p>\t\t\t\t<\/div>\n\t\t\t\t<div class=\"elementor-element elementor-element-2d274d3 elementor-widget elementor-widget-heading\" data-id=\"2d274d3\" data-element_type=\"widget\" data-e-type=\"widget\" data-widget_type=\"heading.default\">\n\t\t\t\t\t<h1 class=\"elementor-heading-title elementor-size-default\">FAQs<\/h1>\t\t\t\t<\/div>\n\t\t\t\t\t<\/div>\n\t\t\t\t<\/div>\n\t\t<div class=\"elementor-element elementor-element-8680238 e-flex e-con-boxed e-con e-parent\" data-id=\"8680238\" data-element_type=\"container\" data-e-type=\"container\">\n\t\t\t\t\t<div class=\"e-con-inner\">\n\t\t\t\t<div class=\"elementor-element elementor-element-61fb73d elementor-widget elementor-widget-text-editor\" data-id=\"61fb73d\" data-element_type=\"widget\" data-e-type=\"widget\" data-widget_type=\"text-editor.default\">\n\t\t\t\t\t\t\t\t\t<p>Everything you need to know about Monsoin<\/p>\t\t\t\t\t\t\t\t<\/div>\n\t\t\t\t\t<\/div>\n\t\t\t\t<\/div>\n\t\t<div class=\"elementor-element elementor-element-e0216e8 e-flex e-con-boxed e-con e-parent\" data-id=\"e0216e8\" data-element_type=\"container\" data-e-type=\"container\">\n\t\t\t\t\t<div class=\"e-con-inner\">\n\t\t\t\t<div class=\"elementor-element elementor-element-3dfa8e5 elementor-widget elementor-widget-n-accordion\" data-id=\"3dfa8e5\" data-element_type=\"widget\" data-e-type=\"widget\" data-settings=\"{&quot;default_state&quot;:&quot;all_collapsed&quot;,&quot;max_items_expended&quot;:&quot;one&quot;,&quot;n_accordion_animation_duration&quot;:{&quot;unit&quot;:&quot;ms&quot;,&quot;size&quot;:400,&quot;sizes&quot;:[]}}\" data-widget_type=\"nested-accordion.default\">\n\t\t\t\t\t\t\t<div class=\"e-n-accordion\" aria-label=\"Accordion. Open links with Enter or Space, close with Escape, and navigate with Arrow Keys\">\n\t\t\t\t\t\t<details id=\"e-n-accordion-item-6490\" class=\"e-n-accordion-item\" >\n\t\t\t\t<summary class=\"e-n-accordion-item-title\" data-accordion-index=\"1\" tabindex=\"0\" aria-expanded=\"false\" aria-controls=\"e-n-accordion-item-6490\" >\n\t\t\t\t\t<span class='e-n-accordion-item-title-header'><div class=\"e-n-accordion-item-title-text\"> What is energy healing? <\/div><\/span>\n\t\t\t\t\t\t\t<span class='e-n-accordion-item-title-icon'>\n\t\t\t<span class='e-opened' ><i aria-hidden=\"true\" class=\" icon_minus_alt2\"><\/i><\/span>\n\t\t\t<span class='e-closed'><i aria-hidden=\"true\" class=\" icon_plus_alt2\"><\/i><\/span>\n\t\t<\/span>\n\n\t\t\t\t\t\t<\/summary>\n\t\t\t\t<div role=\"region\" aria-labelledby=\"e-n-accordion-item-6490\" class=\"elementor-element elementor-element-a76b292 e-con-full e-flex e-con e-child\" data-id=\"a76b292\" data-element_type=\"container\" data-e-type=\"container\">\n\t\t\t\t<div class=\"elementor-element elementor-element-c95d67b elementor-widget elementor-widget-text-editor\" data-id=\"c95d67b\" data-element_type=\"widget\" data-e-type=\"widget\" data-widget_type=\"text-editor.default\">\n\t\t\t\t\t\t\t\t\t<p>Everything in the universe is energy, whether transformed or not. According to this principle, energy healing focuses on the energy that flows in and out of you. Human beings are made up of several subtle bodies that surround the physical body. When energy flows perfectly, you are in good health. When its movement is hindered, knots are created, leading to illness and a loss of energy.    <br data-v-91923aeb=\"\"><br data-v-91923aeb=\"\">The energy therapist helps work on these knots to undo traumas, false beliefs, and the mental patterns in which we can become trapped. The goal of an energy healing session is to help you identify and work on these knots to regain balance and harmony. <br data-v-91923aeb=\"\"><br data-v-91923aeb=\"\">On another level, an energy healing session is also an encounter with oneself. An intimate moment that invites a journey toward the self, guided in their own way by an energy therapist. <\/p>\t\t\t\t\t\t\t\t<\/div>\n\t\t\t\t<\/div>\n\t\t\t\t\t<\/details>\n\t\t\t\t\t\t<details id=\"e-n-accordion-item-6491\" class=\"e-n-accordion-item\" >\n\t\t\t\t<summary class=\"e-n-accordion-item-title\" data-accordion-index=\"2\" tabindex=\"-1\" aria-expanded=\"false\" aria-controls=\"e-n-accordion-item-6491\" >\n\t\t\t\t\t<span class='e-n-accordion-item-title-header'><div class=\"e-n-accordion-item-title-text\"> How does it work? <\/div><\/span>\n\t\t\t\t\t\t\t<span class='e-n-accordion-item-title-icon'>\n\t\t\t<span class='e-opened' ><i aria-hidden=\"true\" class=\" icon_minus_alt2\"><\/i><\/span>\n\t\t\t<span class='e-closed'><i aria-hidden=\"true\" class=\" icon_plus_alt2\"><\/i><\/span>\n\t\t<\/span>\n\n\t\t\t\t\t\t<\/summary>\n\t\t\t\t<div role=\"region\" aria-labelledby=\"e-n-accordion-item-6491\" class=\"elementor-element elementor-element-e89fe78 e-con-full e-flex e-con e-child\" data-id=\"e89fe78\" data-element_type=\"container\" data-e-type=\"container\">\n\t\t\t\t<div class=\"elementor-element elementor-element-205b221 elementor-widget elementor-widget-text-editor\" data-id=\"205b221\" data-element_type=\"widget\" data-e-type=\"widget\" data-widget_type=\"text-editor.default\">\n\t\t\t\t\t\t\t\t\t<p>Imagine that a human being is a radio set capable of receiving and emitting different frequencies. The energy therapist emits a frequency that you are capable of receiving. This creates an invisible bond. When the energy therapist connects with you, they act as a median\u2014etymologically, &#8220;placed in the middle&#8221;\u2014between you and the world. The energy therapist helps bring out fears, work on your genealogy, and repair wounds.    <br data-v-91923aeb=\"\"><br data-v-91923aeb=\"\">All of this is done remotely, as we are not limited to our physical condition. Thus, according to this principle, a distance healing session can be as effective as an in-person session, or even more effective, as there is no interference during the treatment. <br data-v-91923aeb=\"\"><br data-v-91923aeb=\"\">It is also important to remind anyone wishing to undergo a session that when the energy therapist connects with you, you are free to accept or decline this connection and to engage your own responsibility. Before having an energy healing session, it is important to know oneself and to be able to feel and evaluate an energy frequency. For more information, please read the disclaimer.  <\/p>\t\t\t\t\t\t\t\t<\/div>\n\t\t\t\t<\/div>\n\t\t\t\t\t<\/details>\n\t\t\t\t\t\t<details id=\"e-n-accordion-item-6492\" class=\"e-n-accordion-item\" >\n\t\t\t\t<summary class=\"e-n-accordion-item-title\" data-accordion-index=\"3\" tabindex=\"-1\" aria-expanded=\"false\" aria-controls=\"e-n-accordion-item-6492\" >\n\t\t\t\t\t<span class='e-n-accordion-item-title-header'><div class=\"e-n-accordion-item-title-text\"> How to properly use an energy healing session? <\/div><\/span>\n\t\t\t\t\t\t\t<span class='e-n-accordion-item-title-icon'>\n\t\t\t<span class='e-opened' ><i aria-hidden=\"true\" class=\" icon_minus_alt2\"><\/i><\/span>\n\t\t\t<span class='e-closed'><i aria-hidden=\"true\" class=\" icon_plus_alt2\"><\/i><\/span>\n\t\t<\/span>\n\n\t\t\t\t\t\t<\/summary>\n\t\t\t\t<div role=\"region\" aria-labelledby=\"e-n-accordion-item-6492\" class=\"elementor-element elementor-element-c706874 e-con-full e-flex e-con e-child\" data-id=\"c706874\" data-element_type=\"container\" data-e-type=\"container\">\n\t\t\t\t<div class=\"elementor-element elementor-element-b6982bc elementor-widget elementor-widget-text-editor\" data-id=\"b6982bc\" data-element_type=\"widget\" data-e-type=\"widget\" data-widget_type=\"text-editor.default\">\n\t\t\t\t\t\t\t\t\t<p>To receive an energy healing session, being at ease and comfortable with oneself is key. This translates into an active attitude that allows you to express your needs, desires, and also your limits. The energy therapist is there for you, and not the other way around.   <br data-v-91923aeb=\"\"><br data-v-91923aeb=\"\">One must not forget that no one knows you better than you know yourself. We are all beings of light who have come to Earth. We have chosen to incarnate, and our challenges belong only to us. Everyone has their own path, and yours is not the same as your neighbor&#8217;s. Thus, it is important to give meaning and direction to an energy healing session. Finally, after a session, always perform an internal review, as self-development is a long process that allows access to one&#8217;s own truth.     <\/p>\t\t\t\t\t\t\t\t<\/div>\n\t\t\t\t<\/div>\n\t\t\t\t\t<\/details>\n\t\t\t\t\t\t<details id=\"e-n-accordion-item-6493\" class=\"e-n-accordion-item\" >\n\t\t\t\t<summary class=\"e-n-accordion-item-title\" data-accordion-index=\"4\" tabindex=\"-1\" aria-expanded=\"false\" aria-controls=\"e-n-accordion-item-6493\" >\n\t\t\t\t\t<span class='e-n-accordion-item-title-header'><div class=\"e-n-accordion-item-title-text\"> What is it for? <\/div><\/span>\n\t\t\t\t\t\t\t<span class='e-n-accordion-item-title-icon'>\n\t\t\t<span class='e-opened' ><i aria-hidden=\"true\" class=\" icon_minus_alt2\"><\/i><\/span>\n\t\t\t<span class='e-closed'><i aria-hidden=\"true\" class=\" icon_plus_alt2\"><\/i><\/span>\n\t\t<\/span>\n\n\t\t\t\t\t\t<\/summary>\n\t\t\t\t<div role=\"region\" aria-labelledby=\"e-n-accordion-item-6493\" class=\"elementor-element elementor-element-98b0feb e-con-full e-flex e-con e-child\" data-id=\"98b0feb\" data-element_type=\"container\" data-e-type=\"container\">\n\t\t\t\t<div class=\"elementor-element elementor-element-3d275e7 elementor-widget elementor-widget-text-editor\" data-id=\"3d275e7\" data-element_type=\"widget\" data-e-type=\"widget\" data-widget_type=\"text-editor.default\">\n\t\t\t\t\t\t\t\t\t<p>Energy healing has multiple benefits and adapts to every stage of your life. Here is what you can gain from it: <br data-v-91923aeb=\"\"><br data-v-91923aeb=\"\">&#8211; Build your self-confidence: regain solid self-esteem.<br data-v-91923aeb=\"\">&#8211; Unblock your fears: free yourself from the obstacles holding you back.<br data-v-91923aeb=\"\">&#8211; Improve your relationships: work on your connections with others, whether personal or professional.<br data-v-91923aeb=\"\">&#8211; Develop your personal power: discover and fulfill your potential.<br data-v-91923aeb=\"\">&#8211; Realize your projects: bring your ambitions to life by removing energetic obstacles.<br data-v-91923aeb=\"\">&#8211; Heal an emotional wound: soothe and repair deep pain.<br data-v-91923aeb=\"\">&#8211; Support a change: facilitate a transition in your life through energetic guidance.<br data-v-91923aeb=\"\">&#8211; Enter into self-love: fully embrace yourself with kindness.<br data-v-91923aeb=\"\">&#8211; Rebalance and harmonize your chakras: find energetic balance to live better every day.<br data-v-91923aeb=\"\">&#8211; Make important decisions: clarify your mind to make the right choices.<br data-v-91923aeb=\"\">&#8211; Find your life path: align yourself with your true aspirations and find your direction.<br data-v-91923aeb=\"\">&#8211; Discover other realities<\/p>\t\t\t\t\t\t\t\t<\/div>\n\t\t\t\t<\/div>\n\t\t\t\t\t<\/details>\n\t\t\t\t\t<\/div>\n\t\t\t\t\t\t<\/div>\n\t\t\t\t\t<\/div>\n\t\t\t\t<\/div>\n\t\t<div class=\"elementor-element elementor-element-69cf135 e-flex e-con-boxed e-con e-parent\" data-id=\"69cf135\" data-element_type=\"container\" data-e-type=\"container\">\n\t\t\t\t\t<div class=\"e-con-inner\">\n\t\t<div class=\"elementor-element elementor-element-f221fbe e-con-full e-flex e-con e-child\" data-id=\"f221fbe\" data-element_type=\"container\" data-e-type=\"container\" data-settings=\"{&quot;background_background&quot;:&quot;classic&quot;}\">\n\t\t\t\t<div class=\"elementor-element elementor-element-9caa498 elementor-view-default elementor-widget elementor-widget-icon\" data-id=\"9caa498\" data-element_type=\"widget\" data-e-type=\"widget\" data-widget_type=\"icon.default\">\n\t\t\t\t\t\t\t<div class=\"elementor-icon-wrapper\">\n\t\t\t<div class=\"elementor-icon\">\n\t\t\t<svg xmlns=\"http:\/\/www.w3.org\/2000\/svg\" width=\"43\" height=\"32\" viewBox=\"0 0 43 32\" fill=\"none\"><path d=\"M9.60763 32C6.71753 32 4.37421 30.9841 2.57766 28.9524C0.859219 26.8425 0 24.1074 0 20.7473C0 16.3712 1.28883 12.3077 3.86648 8.55677C6.44414 4.72772 9.64668 1.87546 13.4741 0L14.1771 1.40659C12.5368 2.6569 11.0917 4.25885 9.84196 6.21245C8.59219 8.16605 7.69392 10.5885 7.14714 13.4798L9.60763 14.0659C12.3415 14.6911 14.4505 15.8632 15.9346 17.5824C17.4968 19.2234 18.2779 21.2161 18.2779 23.5604C18.2779 26.061 17.4187 28.0928 15.7003 29.6557C14.0599 31.2186 12.0291 32 9.60763 32ZM34.3297 32C31.4396 32 29.0963 30.9841 27.2997 28.9524C25.5813 26.8425 24.7221 24.1074 24.7221 20.7473C24.7221 16.3712 26.0109 12.3077 28.5886 8.55677C31.1662 4.72772 34.3688 1.87546 38.1962 0L38.8992 1.40659C37.2589 2.6569 35.8138 4.25885 34.564 6.21245C33.3143 8.16605 32.416 10.5885 31.8692 13.4798L34.3297 14.0659C37.0636 14.6911 39.1726 15.8632 40.6567 17.5824C42.2189 19.2234 43 21.2161 43 23.5604C43 26.061 42.1408 28.0928 40.4223 29.6557C38.782 31.2186 36.7511 32 34.3297 32Z\" fill=\"#30481E\"><\/path><\/svg>\t\t\t<\/div>\n\t\t<\/div>\n\t\t\t\t\t\t<\/div>\n\t\t\t\t<div class=\"elementor-element elementor-element-c515cba elementor-widget elementor-widget-text-editor\" data-id=\"c515cba\" data-element_type=\"widget\" data-e-type=\"widget\" data-widget_type=\"text-editor.default\">\n\t\t\t\t\t\t\t\t\t<p>There comes a time in our lives when we reach a crossroads. The energy therapist will provide you with essential keys to turn inward, find your source, and dare to go into the depths of your being.  Change occurs through your own will. Thus, energy healing will guide you to find your identity and truth. Sometimes, it may even feel like a sensation you have already perceived within yourself. Finally, by going beyond the physical body, the therapist will help you dissolve what prevents you from accessing the source. <br data-v-91923aeb=\"\"><br data-v-91923aeb=\"\">I wish you from the bottom of my heart fruitful energy healing sessions; may they bring you peace just as they helped me find my way during difficult times.<\/p>\t\t\t\t\t\t\t\t<\/div>\n\t\t\t\t<div class=\"elementor-element elementor-element-8296788 elementor-position-top elementor-widget elementor-widget-image-box\" data-id=\"8296788\" data-element_type=\"widget\" data-e-type=\"widget\" data-widget_type=\"image-box.default\">\n\t\t\t\t\t<div class=\"elementor-image-box-wrapper\"><figure class=\"elementor-image-box-img\"><img fetchpriority=\"high\" decoding=\"async\" width=\"2022\" height=\"2307\" src=\"https:\/\/monsoin.ch\/wp-content\/uploads\/2026\/03\/bugherdattachment_1_.jpg\" class=\"attachment-full size-full wp-image-1172\" alt=\"\" srcset=\"https:\/\/monsoin.ch\/wp-content\/uploads\/2026\/03\/bugherdattachment_1_.jpg 2022w, https:\/\/monsoin.ch\/wp-content\/uploads\/2026\/03\/bugherdattachment_1_-263x300.jpg 263w, https:\/\/monsoin.ch\/wp-content\/uploads\/2026\/03\/bugherdattachment_1_-897x1024.jpg 897w, https:\/\/monsoin.ch\/wp-content\/uploads\/2026\/03\/bugherdattachment_1_-768x876.jpg 768w, https:\/\/monsoin.ch\/wp-content\/uploads\/2026\/03\/bugherdattachment_1_-1346x1536.jpg 1346w, https:\/\/monsoin.ch\/wp-content\/uploads\/2026\/03\/bugherdattachment_1_-1795x2048.jpg 1795w\" sizes=\"(max-width: 2022px) 100vw, 2022px\" \/><\/figure><div class=\"elementor-image-box-content\"><div class=\"elementor-image-box-title\">Antoine Bongard<\/div><p class=\"elementor-image-box-description\">Founder of Monsoin.ch<\/p><\/div><\/div>\t\t\t\t<\/div>\n\t\t\t\t<\/div>\n\t\t\t\t\t<\/div>\n\t\t\t\t<\/div>\n\t\t\t\t<\/div>\n\t\t","protected":false},"excerpt":{"rendered":"<p>Everything you need to know about Monsoin What is energy healing? Everything in the universe is energy, whether transformed or not. According to this principle, energy healing focuses on the energy that flows in and out of you. Human beings are made up of several subtle bodies that surround the physical body. When energy flows [&hellip;]<\/p>\n","protected":false},"author":3,"featured_media":0,"parent":0,"menu_order":0,"comment_status":"closed","ping_status":"closed","template":"","meta":{"footnotes":""},"class_list":["post-1171","page","type-page","status-publish","hentry"],"yoast_head":"<!-- This site is optimized with the Yoast SEO plugin v27.3 - https:\/\/yoast.com\/product\/yoast-seo-wordpress\/ -->\n<title>FAQs - Monsoin<\/title>\n<meta name=\"robots\" content=\"index, follow, max-snippet:-1, max-image-preview:large, max-video-preview:-1\" \/>\n<link rel=\"canonical\" href=\"https:\/\/monsoin.ch\/en\/faqs\/\" \/>\n<meta property=\"og:locale\" content=\"en_US\" \/>\n<meta property=\"og:type\" content=\"article\" \/>\n<meta property=\"og:title\" content=\"FAQs - Monsoin\" \/>\n<meta property=\"og:description\" content=\"Everything you need to know about Monsoin What is energy healing? Everything in the universe is energy, whether transformed or not. According to this principle, energy healing focuses on the energy that flows in and out of you. Human beings are made up of several subtle bodies that surround the physical body. When energy flows [&hellip;]\" \/>\n<meta property=\"og:url\" content=\"https:\/\/monsoin.ch\/en\/faqs\/\" \/>\n<meta property=\"og:site_name\" content=\"Monsoin\" \/>\n<meta property=\"article:modified_time\" content=\"2026-03-17T17:17:59+00:00\" \/>\n<meta property=\"og:image\" content=\"https:\/\/monsoin.ch\/wp-content\/uploads\/2026\/03\/bugherdattachment_1_.jpg\" \/>\n\t<meta property=\"og:image:width\" content=\"2022\" \/>\n\t<meta property=\"og:image:height\" content=\"2307\" \/>\n\t<meta property=\"og:image:type\" content=\"image\/jpeg\" \/>\n<meta name=\"twitter:card\" content=\"summary_large_image\" \/>\n<meta name=\"twitter:label1\" content=\"Est. reading time\" \/>\n\t<meta name=\"twitter:data1\" content=\"7 minutes\" \/>\n<script type=\"application\/ld+json\" class=\"yoast-schema-graph\">{\"@context\":\"https:\\\/\\\/schema.org\",\"@graph\":[{\"@type\":\"WebPage\",\"@id\":\"https:\\\/\\\/monsoin.ch\\\/en\\\/faqs\\\/\",\"url\":\"https:\\\/\\\/monsoin.ch\\\/en\\\/faqs\\\/\",\"name\":\"FAQs - Monsoin\",\"isPartOf\":{\"@id\":\"https:\\\/\\\/monsoin.ch\\\/en\\\/#website\"},\"primaryImageOfPage\":{\"@id\":\"https:\\\/\\\/monsoin.ch\\\/en\\\/faqs\\\/#primaryimage\"},\"image\":{\"@id\":\"https:\\\/\\\/monsoin.ch\\\/en\\\/faqs\\\/#primaryimage\"},\"thumbnailUrl\":\"https:\\\/\\\/monsoin.ch\\\/wp-content\\\/uploads\\\/2026\\\/03\\\/bugherdattachment_1_.jpg\",\"datePublished\":\"2026-03-05T12:15:17+00:00\",\"dateModified\":\"2026-03-17T17:17:59+00:00\",\"breadcrumb\":{\"@id\":\"https:\\\/\\\/monsoin.ch\\\/en\\\/faqs\\\/#breadcrumb\"},\"inLanguage\":\"en-US\",\"potentialAction\":[{\"@type\":\"ReadAction\",\"target\":[\"https:\\\/\\\/monsoin.ch\\\/en\\\/faqs\\\/\"]}]},{\"@type\":\"ImageObject\",\"inLanguage\":\"en-US\",\"@id\":\"https:\\\/\\\/monsoin.ch\\\/en\\\/faqs\\\/#primaryimage\",\"url\":\"https:\\\/\\\/monsoin.ch\\\/wp-content\\\/uploads\\\/2026\\\/03\\\/bugherdattachment_1_.jpg\",\"contentUrl\":\"https:\\\/\\\/monsoin.ch\\\/wp-content\\\/uploads\\\/2026\\\/03\\\/bugherdattachment_1_.jpg\"},{\"@type\":\"BreadcrumbList\",\"@id\":\"https:\\\/\\\/monsoin.ch\\\/en\\\/faqs\\\/#breadcrumb\",\"itemListElement\":[{\"@type\":\"ListItem\",\"position\":1,\"name\":\"Home\",\"item\":\"https:\\\/\\\/monsoin.ch\\\/en\\\/home-monsoin\\\/\"},{\"@type\":\"ListItem\",\"position\":2,\"name\":\"FAQs\"}]},{\"@type\":\"WebSite\",\"@id\":\"https:\\\/\\\/monsoin.ch\\\/en\\\/#website\",\"url\":\"https:\\\/\\\/monsoin.ch\\\/en\\\/\",\"name\":\"Monsoin\",\"description\":\"Soins \u00e9nerg\u00e9tiques \u00e0 distance\",\"publisher\":{\"@id\":\"https:\\\/\\\/monsoin.ch\\\/en\\\/#organization\"},\"potentialAction\":[{\"@type\":\"SearchAction\",\"target\":{\"@type\":\"EntryPoint\",\"urlTemplate\":\"https:\\\/\\\/monsoin.ch\\\/en\\\/?s={search_term_string}\"},\"query-input\":{\"@type\":\"PropertyValueSpecification\",\"valueRequired\":true,\"valueName\":\"search_term_string\"}}],\"inLanguage\":\"en-US\"},{\"@type\":\"Organization\",\"@id\":\"https:\\\/\\\/monsoin.ch\\\/en\\\/#organization\",\"name\":\"Monsoin\",\"url\":\"https:\\\/\\\/monsoin.ch\\\/en\\\/\",\"logo\":{\"@type\":\"ImageObject\",\"inLanguage\":\"en-US\",\"@id\":\"https:\\\/\\\/monsoin.ch\\\/en\\\/#\\\/schema\\\/logo\\\/image\\\/\",\"url\":\"http:\\\/\\\/monsoin.ch\\\/wp-content\\\/uploads\\\/2026\\\/02\\\/MON_SOIN_LOGOS_Mon_Soin_L_Blanc_1__2_.svg\",\"contentUrl\":\"http:\\\/\\\/monsoin.ch\\\/wp-content\\\/uploads\\\/2026\\\/02\\\/MON_SOIN_LOGOS_Mon_Soin_L_Blanc_1__2_.svg\",\"width\":818,\"height\":232,\"caption\":\"Monsoin\"},\"image\":{\"@id\":\"https:\\\/\\\/monsoin.ch\\\/en\\\/#\\\/schema\\\/logo\\\/image\\\/\"}}]}<\/script>\n<!-- \/ Yoast SEO plugin. -->","yoast_head_json":{"title":"FAQs - Monsoin","robots":{"index":"index","follow":"follow","max-snippet":"max-snippet:-1","max-image-preview":"max-image-preview:large","max-video-preview":"max-video-preview:-1"},"canonical":"https:\/\/monsoin.ch\/en\/faqs\/","og_locale":"en_US","og_type":"article","og_title":"FAQs - Monsoin","og_description":"Everything you need to know about Monsoin What is energy healing? Everything in the universe is energy, whether transformed or not. According to this principle, energy healing focuses on the energy that flows in and out of you. Human beings are made up of several subtle bodies that surround the physical body. When energy flows [&hellip;]","og_url":"https:\/\/monsoin.ch\/en\/faqs\/","og_site_name":"Monsoin","article_modified_time":"2026-03-17T17:17:59+00:00","og_image":[{"width":2022,"height":2307,"url":"https:\/\/monsoin.ch\/wp-content\/uploads\/2026\/03\/bugherdattachment_1_.jpg","type":"image\/jpeg"}],"twitter_card":"summary_large_image","twitter_misc":{"Est. reading time":"7 minutes"},"schema":{"@context":"https:\/\/schema.org","@graph":[{"@type":"WebPage","@id":"https:\/\/monsoin.ch\/en\/faqs\/","url":"https:\/\/monsoin.ch\/en\/faqs\/","name":"FAQs - Monsoin","isPartOf":{"@id":"https:\/\/monsoin.ch\/en\/#website"},"primaryImageOfPage":{"@id":"https:\/\/monsoin.ch\/en\/faqs\/#primaryimage"},"image":{"@id":"https:\/\/monsoin.ch\/en\/faqs\/#primaryimage"},"thumbnailUrl":"https:\/\/monsoin.ch\/wp-content\/uploads\/2026\/03\/bugherdattachment_1_.jpg","datePublished":"2026-03-05T12:15:17+00:00","dateModified":"2026-03-17T17:17:59+00:00","breadcrumb":{"@id":"https:\/\/monsoin.ch\/en\/faqs\/#breadcrumb"},"inLanguage":"en-US","potentialAction":[{"@type":"ReadAction","target":["https:\/\/monsoin.ch\/en\/faqs\/"]}]},{"@type":"ImageObject","inLanguage":"en-US","@id":"https:\/\/monsoin.ch\/en\/faqs\/#primaryimage","url":"https:\/\/monsoin.ch\/wp-content\/uploads\/2026\/03\/bugherdattachment_1_.jpg","contentUrl":"https:\/\/monsoin.ch\/wp-content\/uploads\/2026\/03\/bugherdattachment_1_.jpg"},{"@type":"BreadcrumbList","@id":"https:\/\/monsoin.ch\/en\/faqs\/#breadcrumb","itemListElement":[{"@type":"ListItem","position":1,"name":"Home","item":"https:\/\/monsoin.ch\/en\/home-monsoin\/"},{"@type":"ListItem","position":2,"name":"FAQs"}]},{"@type":"WebSite","@id":"https:\/\/monsoin.ch\/en\/#website","url":"https:\/\/monsoin.ch\/en\/","name":"Monsoin","description":"Soins \u00e9nerg\u00e9tiques \u00e0 distance","publisher":{"@id":"https:\/\/monsoin.ch\/en\/#organization"},"potentialAction":[{"@type":"SearchAction","target":{"@type":"EntryPoint","urlTemplate":"https:\/\/monsoin.ch\/en\/?s={search_term_string}"},"query-input":{"@type":"PropertyValueSpecification","valueRequired":true,"valueName":"search_term_string"}}],"inLanguage":"en-US"},{"@type":"Organization","@id":"https:\/\/monsoin.ch\/en\/#organization","name":"Monsoin","url":"https:\/\/monsoin.ch\/en\/","logo":{"@type":"ImageObject","inLanguage":"en-US","@id":"https:\/\/monsoin.ch\/en\/#\/schema\/logo\/image\/","url":"http:\/\/monsoin.ch\/wp-content\/uploads\/2026\/02\/MON_SOIN_LOGOS_Mon_Soin_L_Blanc_1__2_.svg","contentUrl":"http:\/\/monsoin.ch\/wp-content\/uploads\/2026\/02\/MON_SOIN_LOGOS_Mon_Soin_L_Blanc_1__2_.svg","width":818,"height":232,"caption":"Monsoin"},"image":{"@id":"https:\/\/monsoin.ch\/en\/#\/schema\/logo\/image\/"}}]}},"_links":{"self":[{"href":"https:\/\/monsoin.ch\/en\/wp-json\/wp\/v2\/pages\/1171","targetHints":{"allow":["GET"]}}],"collection":[{"href":"https:\/\/monsoin.ch\/en\/wp-json\/wp\/v2\/pages"}],"about":[{"href":"https:\/\/monsoin.ch\/en\/wp-json\/wp\/v2\/types\/page"}],"author":[{"embeddable":true,"href":"https:\/\/monsoin.ch\/en\/wp-json\/wp\/v2\/users\/3"}],"replies":[{"embeddable":true,"href":"https:\/\/monsoin.ch\/en\/wp-json\/wp\/v2\/comments?post=1171"}],"version-history":[{"count":1,"href":"https:\/\/monsoin.ch\/en\/wp-json\/wp\/v2\/pages\/1171\/revisions"}],"predecessor-version":[{"id":1173,"href":"https:\/\/monsoin.ch\/en\/wp-json\/wp\/v2\/pages\/1171\/revisions\/1173"}],"wp:attachment":[{"href":"https:\/\/monsoin.ch\/en\/wp-json\/wp\/v2\/media?parent=1171"}],"curies":[{"name":"wp","href":"https:\/\/api.w.org\/{rel}","templated":true}]}}