{"id":1239,"date":"2026-02-27T17:35:03","date_gmt":"2026-02-27T16:35:03","guid":{"rendered":"https:\/\/monsoin.ch\/privacy\/"},"modified":"2026-03-17T18:19:47","modified_gmt":"2026-03-17T17:19:47","slug":"privacy","status":"publish","type":"page","link":"https:\/\/monsoin.ch\/en\/privacy\/","title":{"rendered":"Privacy"},"content":{"rendered":"\t\t<div data-elementor-type=\"wp-page\" data-elementor-id=\"1239\" class=\"elementor elementor-1239 elementor-246\" data-elementor-post-type=\"page\">\n\t\t\t\t<div class=\"elementor-element elementor-element-748667f e-flex e-con-boxed e-con e-parent\" data-id=\"748667f\" data-element_type=\"container\" data-e-type=\"container\">\n\t\t\t\t\t<div class=\"e-con-inner\">\n\t\t\t\t<div class=\"elementor-element elementor-element-0ebb660 elementor-align-center elementor-widget elementor-widget-breadcrumbs\" data-id=\"0ebb660\" data-element_type=\"widget\" data-e-type=\"widget\" data-widget_type=\"breadcrumbs.default\">\n\t\t\t\t\t<p id=\"breadcrumbs\"><span><span><a href=\"https:\/\/monsoin.ch\/en\/home-monsoin\/\">Home<\/a><\/span><\/span><\/p>\t\t\t\t<\/div>\n\t\t\t\t<div class=\"elementor-element elementor-element-2d274d3 elementor-widget elementor-widget-heading\" data-id=\"2d274d3\" data-element_type=\"widget\" data-e-type=\"widget\" data-widget_type=\"heading.default\">\n\t\t\t\t\t<h1 class=\"elementor-heading-title elementor-size-default\">Privacy<\/h1>\t\t\t\t<\/div>\n\t\t\t\t\t<\/div>\n\t\t\t\t<\/div>\n\t\t<div class=\"elementor-element elementor-element-8680238 e-flex e-con-boxed e-con e-parent\" data-id=\"8680238\" data-element_type=\"container\" data-e-type=\"container\">\n\t\t\t\t\t<div class=\"e-con-inner\">\n\t\t\t\t<div class=\"elementor-element elementor-element-61fb73d elementor-widget elementor-widget-text-editor\" data-id=\"61fb73d\" data-element_type=\"widget\" data-e-type=\"widget\" data-widget_type=\"text-editor.default\">\n\t\t\t\t\t\t\t\t\t<p>Welcome to Monsoin.ch, the platform dedicated to connecting individuals with energy healing practitioners. By accessing and using our website, you acknowledge and accept the terms of this disclaimer, which apply to all services offered. <\/p>\t\t\t\t\t\t\t\t<\/div>\n\t\t\t\t\t<\/div>\n\t\t\t\t<\/div>\n\t\t<div class=\"elementor-element elementor-element-e0216e8 e-flex e-con-boxed e-con e-parent\" data-id=\"e0216e8\" data-element_type=\"container\" data-e-type=\"container\">\n\t\t\t\t\t<div class=\"e-con-inner\">\n\t\t\t\t<div class=\"elementor-element elementor-element-dd733c1 elementor-widget elementor-widget-n-accordion\" data-id=\"dd733c1\" data-element_type=\"widget\" data-e-type=\"widget\" data-settings=\"{&quot;default_state&quot;:&quot;all_collapsed&quot;,&quot;max_items_expended&quot;:&quot;one&quot;,&quot;n_accordion_animation_duration&quot;:{&quot;unit&quot;:&quot;ms&quot;,&quot;size&quot;:400,&quot;sizes&quot;:[]}}\" data-widget_type=\"nested-accordion.default\">\n\t\t\t\t\t\t\t<div class=\"e-n-accordion\" aria-label=\"Accordion. Open links with Enter or Space, close with Escape, and navigate with Arrow Keys\">\n\t\t\t\t\t\t<details id=\"e-n-accordion-item-2320\" class=\"e-n-accordion-item\" >\n\t\t\t\t<summary class=\"e-n-accordion-item-title\" data-accordion-index=\"1\" tabindex=\"0\" aria-expanded=\"false\" aria-controls=\"e-n-accordion-item-2320\" >\n\t\t\t\t\t<span class='e-n-accordion-item-title-header'><div class=\"e-n-accordion-item-title-text\"> 1. Nature of Services <\/div><\/span>\n\t\t\t\t\t\t\t<span class='e-n-accordion-item-title-icon'>\n\t\t\t<span class='e-opened' ><i aria-hidden=\"true\" class=\" icon_minus_alt2\"><\/i><\/span>\n\t\t\t<span class='e-closed'><i aria-hidden=\"true\" class=\" icon_plus_alt2\"><\/i><\/span>\n\t\t<\/span>\n\n\t\t\t\t\t\t<\/summary>\n\t\t\t\t<div role=\"region\" aria-labelledby=\"e-n-accordion-item-2320\" class=\"elementor-element elementor-element-0b09325 e-con-full e-flex e-con e-child\" data-id=\"0b09325\" data-element_type=\"container\" data-e-type=\"container\">\n\t\t\t\t<div class=\"elementor-element elementor-element-466e72c elementor-widget elementor-widget-text-editor\" data-id=\"466e72c\" data-element_type=\"widget\" data-e-type=\"widget\" data-widget_type=\"text-editor.default\">\n\t\t\t\t\t\t\t\t\t<p>Monsoin.ch provides a platform allowing users to find and connect with individuals offering energy healing. We wish to clarify that we are neither the providers of these energy healing services nor their agents. The practitioners operating via our platform are independent third parties.  <\/p>\t\t\t\t\t\t\t\t<\/div>\n\t\t\t\t<\/div>\n\t\t\t\t\t<\/details>\n\t\t\t\t\t\t<details id=\"e-n-accordion-item-2321\" class=\"e-n-accordion-item\" >\n\t\t\t\t<summary class=\"e-n-accordion-item-title\" data-accordion-index=\"2\" tabindex=\"-1\" aria-expanded=\"false\" aria-controls=\"e-n-accordion-item-2321\" >\n\t\t\t\t\t<span class='e-n-accordion-item-title-header'><div class=\"e-n-accordion-item-title-text\"> 2. No Guarantee of Results <\/div><\/span>\n\t\t\t\t\t\t\t<span class='e-n-accordion-item-title-icon'>\n\t\t\t<span class='e-opened' ><i aria-hidden=\"true\" class=\" icon_minus_alt2\"><\/i><\/span>\n\t\t\t<span class='e-closed'><i aria-hidden=\"true\" class=\" icon_plus_alt2\"><\/i><\/span>\n\t\t<\/span>\n\n\t\t\t\t\t\t<\/summary>\n\t\t\t\t<div role=\"region\" aria-labelledby=\"e-n-accordion-item-2321\" class=\"elementor-element elementor-element-e59f0eb e-con-full e-flex e-con e-child\" data-id=\"e59f0eb\" data-element_type=\"container\" data-e-type=\"container\">\n\t\t\t\t<div class=\"elementor-element elementor-element-a48c864 elementor-widget elementor-widget-text-editor\" data-id=\"a48c864\" data-element_type=\"widget\" data-e-type=\"widget\" data-widget_type=\"text-editor.default\">\n\t\t\t\t\t\t\t\t\t<p>Monsoin.ch does not guarantee any specific results arising from your use of the services present on the platform. Energy healing practices are diverse, and their effectiveness may vary from person to person. <\/p>\t\t\t\t\t\t\t\t<\/div>\n\t\t\t\t<\/div>\n\t\t\t\t\t<\/details>\n\t\t\t\t\t\t<details id=\"e-n-accordion-item-2322\" class=\"e-n-accordion-item\" >\n\t\t\t\t<summary class=\"e-n-accordion-item-title\" data-accordion-index=\"3\" tabindex=\"-1\" aria-expanded=\"false\" aria-controls=\"e-n-accordion-item-2322\" >\n\t\t\t\t\t<span class='e-n-accordion-item-title-header'><div class=\"e-n-accordion-item-title-text\"> 3. Disclaimer of Liability <\/div><\/span>\n\t\t\t\t\t\t\t<span class='e-n-accordion-item-title-icon'>\n\t\t\t<span class='e-opened' ><i aria-hidden=\"true\" class=\" icon_minus_alt2\"><\/i><\/span>\n\t\t\t<span class='e-closed'><i aria-hidden=\"true\" class=\" icon_plus_alt2\"><\/i><\/span>\n\t\t<\/span>\n\n\t\t\t\t\t\t<\/summary>\n\t\t\t\t<div role=\"region\" aria-labelledby=\"e-n-accordion-item-2322\" class=\"elementor-element elementor-element-b891d2f e-con-full e-flex e-con e-child\" data-id=\"b891d2f\" data-element_type=\"container\" data-e-type=\"container\">\n\t\t\t\t<div class=\"elementor-element elementor-element-3d84c2f elementor-widget elementor-widget-text-editor\" data-id=\"3d84c2f\" data-element_type=\"widget\" data-e-type=\"widget\" data-widget_type=\"text-editor.default\">\n\t\t\t\t\t\t\t\t\t<p>By using Monsoin.ch, you acknowledge that any decision to consult an energy healing practitioner found through our service is made with full knowledge of the facts and at your own risk. Monsoin.ch and its affiliates cannot be held responsible for any negative experience or any direct or indirect damage that may result from your interaction with an energy practitioner. Research the individual before making an appointment; ensure you have energetic protections to guarantee you can handle different and sometimes powerful energies. Do not take these treatments lightly; be critical of yourself and the practitioner. These individuals are not magicians; any difficulty encountered can only be resolved by yourself\u2014do not forget this. Finally, be cautious and always keep a part of yourself private.     <\/p>\t\t\t\t\t\t\t\t<\/div>\n\t\t\t\t<\/div>\n\t\t\t\t\t<\/details>\n\t\t\t\t\t\t<details id=\"e-n-accordion-item-2323\" class=\"e-n-accordion-item\" >\n\t\t\t\t<summary class=\"e-n-accordion-item-title\" data-accordion-index=\"4\" tabindex=\"-1\" aria-expanded=\"false\" aria-controls=\"e-n-accordion-item-2323\" >\n\t\t\t\t\t<span class='e-n-accordion-item-title-header'><div class=\"e-n-accordion-item-title-text\"> 4. Qualifications of Energy Therapists <\/div><\/span>\n\t\t\t\t\t\t\t<span class='e-n-accordion-item-title-icon'>\n\t\t\t<span class='e-opened' ><i aria-hidden=\"true\" class=\" icon_minus_alt2\"><\/i><\/span>\n\t\t\t<span class='e-closed'><i aria-hidden=\"true\" class=\" icon_plus_alt2\"><\/i><\/span>\n\t\t<\/span>\n\n\t\t\t\t\t\t<\/summary>\n\t\t\t\t<div role=\"region\" aria-labelledby=\"e-n-accordion-item-2323\" class=\"elementor-element elementor-element-88515e7 e-con-full e-flex e-con e-child\" data-id=\"88515e7\" data-element_type=\"container\" data-e-type=\"container\">\n\t\t\t\t<div class=\"elementor-element elementor-element-a1d555d elementor-widget elementor-widget-text-editor\" data-id=\"a1d555d\" data-element_type=\"widget\" data-e-type=\"widget\" data-widget_type=\"text-editor.default\">\n\t\t\t\t\t\t\t\t\t<p>By using Monsoin.ch, you acknowledge that any decision to consult an energy healing practitioner found through our service is made with full knowledge of the facts and at your own risk. Monsoin.ch and its affiliates cannot be held responsible for any negative experience or any direct or indirect damage that may result from your interaction with an energy practitioner. Research the individual before making an appointment; ensure you have energetic protections to guarantee you can handle different and sometimes powerful energies. Do not take these treatments lightly; be critical of yourself and the practitioner. These individuals are not magicians; any difficulty encountered can only be resolved by yourself\u2014do not forget this. Finally, be cautious and always keep a part of yourself private.     <\/p>\t\t\t\t\t\t\t\t<\/div>\n\t\t\t\t<\/div>\n\t\t\t\t\t<\/details>\n\t\t\t\t\t\t<details id=\"e-n-accordion-item-2324\" class=\"e-n-accordion-item\" >\n\t\t\t\t<summary class=\"e-n-accordion-item-title\" data-accordion-index=\"5\" tabindex=\"-1\" aria-expanded=\"false\" aria-controls=\"e-n-accordion-item-2324\" >\n\t\t\t\t\t<span class='e-n-accordion-item-title-header'><div class=\"e-n-accordion-item-title-text\"> 5. Recommendations <\/div><\/span>\n\t\t\t\t\t\t\t<span class='e-n-accordion-item-title-icon'>\n\t\t\t<span class='e-opened' ><i aria-hidden=\"true\" class=\" icon_minus_alt2\"><\/i><\/span>\n\t\t\t<span class='e-closed'><i aria-hidden=\"true\" class=\" icon_plus_alt2\"><\/i><\/span>\n\t\t<\/span>\n\n\t\t\t\t\t\t<\/summary>\n\t\t\t\t<div role=\"region\" aria-labelledby=\"e-n-accordion-item-2324\" class=\"elementor-element elementor-element-2011299 e-con-full e-flex e-con e-child\" data-id=\"2011299\" data-element_type=\"container\" data-e-type=\"container\">\n\t\t\t\t<div class=\"elementor-element elementor-element-fd8a388 elementor-widget elementor-widget-text-editor\" data-id=\"fd8a388\" data-element_type=\"widget\" data-e-type=\"widget\" data-widget_type=\"text-editor.default\">\n\t\t\t\t\t\t\t\t\t<p>It is strongly recommended to consult a qualified healthcare professional for any medical condition or health concern. The services offered by practitioners on our platform should not replace medical advice, diagnoses, or treatments provided by healthcare professionals. <br data-v-91923aeb=\"\"><br data-v-91923aeb=\"\">By accepting these terms, you expressly waive any right to sue Monsoin.ch or its affiliates for any claim related to the use of our platform or the services provided by energy practitioners encountered through our service.<br data-v-91923aeb=\"\"><br data-v-91923aeb=\"\">For any questions or concerns regarding this disclaimer, please do not hesitate to contact us at info@monsoin.ch.<br data-v-91923aeb=\"\"><br data-v-91923aeb=\"\">By using Monsoin.ch, you accept these terms in their entirety.<\/p>\t\t\t\t\t\t\t\t<\/div>\n\t\t\t\t<\/div>\n\t\t\t\t\t<\/details>\n\t\t\t\t\t<\/div>\n\t\t\t\t\t\t<\/div>\n\t\t\t\t\t<\/div>\n\t\t\t\t<\/div>\n\t\t\t\t<\/div>\n\t\t","protected":false},"excerpt":{"rendered":"<p>Welcome to Monsoin.ch, the platform dedicated to connecting individuals with energy healing practitioners. By accessing and using our website, you acknowledge and accept the terms of this disclaimer, which apply to all services offered. 1. Nature of Services Monsoin.ch provides a platform allowing users to find and connect with individuals offering energy healing. We wish [&hellip;]<\/p>\n","protected":false},"author":3,"featured_media":0,"parent":0,"menu_order":0,"comment_status":"closed","ping_status":"closed","template":"","meta":{"footnotes":""},"class_list":["post-1239","page","type-page","status-publish","hentry"],"yoast_head":"<!-- This site is optimized with the Yoast SEO plugin v27.3 - https:\/\/yoast.com\/product\/yoast-seo-wordpress\/ -->\n<title>Privacy - Monsoin<\/title>\n<meta name=\"robots\" content=\"index, follow, max-snippet:-1, max-image-preview:large, max-video-preview:-1\" \/>\n<link rel=\"canonical\" href=\"https:\/\/monsoin.ch\/en\/privacy\/\" \/>\n<meta property=\"og:locale\" content=\"en_US\" \/>\n<meta property=\"og:type\" content=\"article\" \/>\n<meta property=\"og:title\" content=\"Privacy - Monsoin\" \/>\n<meta property=\"og:description\" content=\"Welcome to Monsoin.ch, the platform dedicated to connecting individuals with energy healing practitioners. By accessing and using our website, you acknowledge and accept the terms of this disclaimer, which apply to all services offered. 1. Nature of Services Monsoin.ch provides a platform allowing users to find and connect with individuals offering energy healing. We wish [&hellip;]\" \/>\n<meta property=\"og:url\" content=\"https:\/\/monsoin.ch\/en\/privacy\/\" \/>\n<meta property=\"og:site_name\" content=\"Monsoin\" \/>\n<meta property=\"article:modified_time\" content=\"2026-03-17T17:19:47+00:00\" \/>\n<meta name=\"twitter:card\" content=\"summary_large_image\" \/>\n<meta name=\"twitter:label1\" content=\"Est. reading time\" \/>\n\t<meta name=\"twitter:data1\" content=\"5 minutes\" \/>\n<script type=\"application\/ld+json\" class=\"yoast-schema-graph\">{\"@context\":\"https:\\\/\\\/schema.org\",\"@graph\":[{\"@type\":\"WebPage\",\"@id\":\"https:\\\/\\\/monsoin.ch\\\/en\\\/privacy\\\/\",\"url\":\"https:\\\/\\\/monsoin.ch\\\/en\\\/privacy\\\/\",\"name\":\"Privacy - Monsoin\",\"isPartOf\":{\"@id\":\"https:\\\/\\\/monsoin.ch\\\/en\\\/#website\"},\"datePublished\":\"2026-02-27T16:35:03+00:00\",\"dateModified\":\"2026-03-17T17:19:47+00:00\",\"breadcrumb\":{\"@id\":\"https:\\\/\\\/monsoin.ch\\\/en\\\/privacy\\\/#breadcrumb\"},\"inLanguage\":\"en-US\",\"potentialAction\":[{\"@type\":\"ReadAction\",\"target\":[\"https:\\\/\\\/monsoin.ch\\\/en\\\/privacy\\\/\"]}]},{\"@type\":\"BreadcrumbList\",\"@id\":\"https:\\\/\\\/monsoin.ch\\\/en\\\/privacy\\\/#breadcrumb\",\"itemListElement\":[{\"@type\":\"ListItem\",\"position\":1,\"name\":\"Home\",\"item\":\"https:\\\/\\\/monsoin.ch\\\/en\\\/home-monsoin\\\/\"},{\"@type\":\"ListItem\",\"position\":2,\"name\":\"Privacy\"}]},{\"@type\":\"WebSite\",\"@id\":\"https:\\\/\\\/monsoin.ch\\\/en\\\/#website\",\"url\":\"https:\\\/\\\/monsoin.ch\\\/en\\\/\",\"name\":\"Monsoin\",\"description\":\"Soins \u00e9nerg\u00e9tiques \u00e0 distance\",\"publisher\":{\"@id\":\"https:\\\/\\\/monsoin.ch\\\/en\\\/#organization\"},\"potentialAction\":[{\"@type\":\"SearchAction\",\"target\":{\"@type\":\"EntryPoint\",\"urlTemplate\":\"https:\\\/\\\/monsoin.ch\\\/en\\\/?s={search_term_string}\"},\"query-input\":{\"@type\":\"PropertyValueSpecification\",\"valueRequired\":true,\"valueName\":\"search_term_string\"}}],\"inLanguage\":\"en-US\"},{\"@type\":\"Organization\",\"@id\":\"https:\\\/\\\/monsoin.ch\\\/en\\\/#organization\",\"name\":\"Monsoin\",\"url\":\"https:\\\/\\\/monsoin.ch\\\/en\\\/\",\"logo\":{\"@type\":\"ImageObject\",\"inLanguage\":\"en-US\",\"@id\":\"https:\\\/\\\/monsoin.ch\\\/en\\\/#\\\/schema\\\/logo\\\/image\\\/\",\"url\":\"http:\\\/\\\/monsoin.ch\\\/wp-content\\\/uploads\\\/2026\\\/02\\\/MON_SOIN_LOGOS_Mon_Soin_L_Blanc_1__2_.svg\",\"contentUrl\":\"http:\\\/\\\/monsoin.ch\\\/wp-content\\\/uploads\\\/2026\\\/02\\\/MON_SOIN_LOGOS_Mon_Soin_L_Blanc_1__2_.svg\",\"width\":818,\"height\":232,\"caption\":\"Monsoin\"},\"image\":{\"@id\":\"https:\\\/\\\/monsoin.ch\\\/en\\\/#\\\/schema\\\/logo\\\/image\\\/\"}}]}<\/script>\n<!-- \/ Yoast SEO plugin. -->","yoast_head_json":{"title":"Privacy - Monsoin","robots":{"index":"index","follow":"follow","max-snippet":"max-snippet:-1","max-image-preview":"max-image-preview:large","max-video-preview":"max-video-preview:-1"},"canonical":"https:\/\/monsoin.ch\/en\/privacy\/","og_locale":"en_US","og_type":"article","og_title":"Privacy - Monsoin","og_description":"Welcome to Monsoin.ch, the platform dedicated to connecting individuals with energy healing practitioners. By accessing and using our website, you acknowledge and accept the terms of this disclaimer, which apply to all services offered. 1. Nature of Services Monsoin.ch provides a platform allowing users to find and connect with individuals offering energy healing. We wish [&hellip;]","og_url":"https:\/\/monsoin.ch\/en\/privacy\/","og_site_name":"Monsoin","article_modified_time":"2026-03-17T17:19:47+00:00","twitter_card":"summary_large_image","twitter_misc":{"Est. reading time":"5 minutes"},"schema":{"@context":"https:\/\/schema.org","@graph":[{"@type":"WebPage","@id":"https:\/\/monsoin.ch\/en\/privacy\/","url":"https:\/\/monsoin.ch\/en\/privacy\/","name":"Privacy - Monsoin","isPartOf":{"@id":"https:\/\/monsoin.ch\/en\/#website"},"datePublished":"2026-02-27T16:35:03+00:00","dateModified":"2026-03-17T17:19:47+00:00","breadcrumb":{"@id":"https:\/\/monsoin.ch\/en\/privacy\/#breadcrumb"},"inLanguage":"en-US","potentialAction":[{"@type":"ReadAction","target":["https:\/\/monsoin.ch\/en\/privacy\/"]}]},{"@type":"BreadcrumbList","@id":"https:\/\/monsoin.ch\/en\/privacy\/#breadcrumb","itemListElement":[{"@type":"ListItem","position":1,"name":"Home","item":"https:\/\/monsoin.ch\/en\/home-monsoin\/"},{"@type":"ListItem","position":2,"name":"Privacy"}]},{"@type":"WebSite","@id":"https:\/\/monsoin.ch\/en\/#website","url":"https:\/\/monsoin.ch\/en\/","name":"Monsoin","description":"Soins \u00e9nerg\u00e9tiques \u00e0 distance","publisher":{"@id":"https:\/\/monsoin.ch\/en\/#organization"},"potentialAction":[{"@type":"SearchAction","target":{"@type":"EntryPoint","urlTemplate":"https:\/\/monsoin.ch\/en\/?s={search_term_string}"},"query-input":{"@type":"PropertyValueSpecification","valueRequired":true,"valueName":"search_term_string"}}],"inLanguage":"en-US"},{"@type":"Organization","@id":"https:\/\/monsoin.ch\/en\/#organization","name":"Monsoin","url":"https:\/\/monsoin.ch\/en\/","logo":{"@type":"ImageObject","inLanguage":"en-US","@id":"https:\/\/monsoin.ch\/en\/#\/schema\/logo\/image\/","url":"http:\/\/monsoin.ch\/wp-content\/uploads\/2026\/02\/MON_SOIN_LOGOS_Mon_Soin_L_Blanc_1__2_.svg","contentUrl":"http:\/\/monsoin.ch\/wp-content\/uploads\/2026\/02\/MON_SOIN_LOGOS_Mon_Soin_L_Blanc_1__2_.svg","width":818,"height":232,"caption":"Monsoin"},"image":{"@id":"https:\/\/monsoin.ch\/en\/#\/schema\/logo\/image\/"}}]}},"_links":{"self":[{"href":"https:\/\/monsoin.ch\/en\/wp-json\/wp\/v2\/pages\/1239","targetHints":{"allow":["GET"]}}],"collection":[{"href":"https:\/\/monsoin.ch\/en\/wp-json\/wp\/v2\/pages"}],"about":[{"href":"https:\/\/monsoin.ch\/en\/wp-json\/wp\/v2\/types\/page"}],"author":[{"embeddable":true,"href":"https:\/\/monsoin.ch\/en\/wp-json\/wp\/v2\/users\/3"}],"replies":[{"embeddable":true,"href":"https:\/\/monsoin.ch\/en\/wp-json\/wp\/v2\/comments?post=1239"}],"version-history":[{"count":1,"href":"https:\/\/monsoin.ch\/en\/wp-json\/wp\/v2\/pages\/1239\/revisions"}],"predecessor-version":[{"id":1240,"href":"https:\/\/monsoin.ch\/en\/wp-json\/wp\/v2\/pages\/1239\/revisions\/1240"}],"wp:attachment":[{"href":"https:\/\/monsoin.ch\/en\/wp-json\/wp\/v2\/media?parent=1239"}],"curies":[{"name":"wp","href":"https:\/\/api.w.org\/{rel}","templated":true}]}}